{"id":22706,"date":"2022-03-28T10:05:40","date_gmt":"2022-03-28T08:05:40","guid":{"rendered":"https:\/\/cryospain.com\/news"},"modified":"2025-01-28T15:58:15","modified_gmt":"2025-01-28T13:58:15","slug":"news","status":"publish","type":"page","link":"https:\/\/cryospain.com\/de\/news","title":{"rendered":"News"},"content":{"rendered":"<p>[et_pb_section fb_built=&#8220;1&#8243; custom_padding_last_edited=&#8220;off|desktop&#8220; disabled_on=&#8220;off|off|off&#8220; _builder_version=&#8220;4.16&#8243; _module_preset=&#8220;default&#8220; background_color=&#8220;rgba(70,168,198,0.1)&#8220; custom_margin=&#8220;|0px||0px|false|false&#8220; custom_margin_tablet=&#8220;&#8220; custom_margin_phone=&#8220;|0px||0px|false|false&#8220; custom_margin_last_edited=&#8220;on|phone&#8220; custom_padding=&#8220;|0px||0px|false|false&#8220; custom_padding_phone=&#8220;|0px||0px|false|false&#8220; saved_tabs=&#8220;all&#8220; collapsed=&#8220;off&#8220; global_colors_info=&#8220;{}&#8220;][et_pb_row column_structure=&#8220;2_5,3_5&#8243; _builder_version=&#8220;4.16&#8243; _module_preset=&#8220;default&#8220; custom_margin=&#8220;||||false|false&#8220; custom_padding=&#8220;||||false|false&#8220; global_colors_info=&#8220;{}&#8220;][et_pb_column type=&#8220;2_5&#8243; _builder_version=&#8220;4.16&#8243; _module_preset=&#8220;default&#8220; global_colors_info=&#8220;{}&#8220;][et_pb_image src=&#8220;https:\/\/cryospain.com\/wp-content\/uploads\/2022\/02\/imagen-blog-news-3.png&#8220; title_text=&#8220;image-blog-news-3&#8243; src_tablet=&#8220;&#8220; src_phone=&#8220;&#8220; src_last_edited=&#8220;on|desktop&#8220; disabled_on=&#8220;on|on|off&#8220; _builder_version=&#8220;4.16&#8243; _module_preset=&#8220;default&#8220; global_colors_info=&#8220;{}&#8220;][\/et_pb_image][\/et_pb_column][et_pb_column type=&#8220;3_5&#8243; _builder_version=&#8220;4.16&#8243; _module_preset=&#8220;default&#8220; global_colors_info=&#8220;{}&#8220;][et_pb_search button_color=&#8220;#00607F&#8220; placeholder_color=&#8220;RGBA(255,255,255,0)&#8220; admin_label=&#8220;buscador&#8220; _builder_version=&#8220;4.16&#8243; _module_preset=&#8220;default&#8220; form_field_background_color=&#8220;#FFFFFF&#8220; form_field_text_color=&#8220;#757575&#8243; form_field_focus_background_color=&#8220;#F7F7F7&#8243; button_font=&#8220;Open Sans|600|||||||&#8220; button_text_color=&#8220;#FFFFFF&#8220; form_field_font=&#8220;Open Sans||||||||&#8220; form_field_text_align=&#8220;left&#8220; background_color=&#8220;#FFFFFF&#8220; custom_margin_tablet=&#8220;&#8220; custom_margin_phone=&#8220;-15%||||false|false&#8220; custom_margin_last_edited=&#8220;on|phone&#8220; border_color_all=&#8220;#CFCFCF&#8220; global_colors_info=&#8220;{}&#8220; button_color__hover_enabled=&#8220;on|hover&#8220; button_color__hover=&#8220;#00607F&#8220;][\/et_pb_search][et_pb_social_media_follow _builder_version=&#8220;4.17.3&#8243; text_orientation=&#8220;right&#8220; custom_margin=&#8220;30px|||||&#8220; locked=&#8220;off&#8220; global_colors_info=&#8220;{}&#8220;][et_pb_social_media_follow_network social_network=&#8220;linkedin&#8220; url=&#8220;https:\/\/es.linkedin.com\/company\/cryospain&#8220; use_icon_font_size=&#8220;on&#8220; icon_font_size=&#8220;23px&#8220; _builder_version=&#8220;4.17.3&#8243; background_color=&#8220;#F38B00&#8243; background_enable_color=&#8220;on&#8220; custom_margin=&#8220;|||&#8220; custom_padding=&#8220;1px|1px|1px|1px|false|false&#8220; border_radii=&#8220;on||||&#8220; global_colors_info=&#8220;{}&#8220; follow_button=&#8220;off&#8220; url_new_window=&#8220;on&#8220;]linkedin[\/et_pb_social_media_follow_network][et_pb_social_media_follow_network social_network=&#8220;youtube&#8220; url=&#8220;https:\/\/www.youtube.com\/channel\/UCDzGk8Sp23s7jLMwp1x-Lnw&#8220; use_icon_font_size=&#8220;on&#8220; icon_font_size=&#8220;23px&#8220; _builder_version=&#8220;4.17.3&#8243; background_color=&#8220;#F38B00&#8243; background_enable_color=&#8220;on&#8220; custom_margin=&#8220;|||&#8220; custom_padding=&#8220;1px|1px|1px|1px|false|false&#8220; border_radii=&#8220;on||||&#8220; global_colors_info=&#8220;{}&#8220; follow_button=&#8220;off&#8220; url_new_window=&#8220;on&#8220;]youtube[\/et_pb_social_media_follow_network][et_pb_social_media_follow_network social_network=&#8220;xing&#8220; url=&#8220;https:\/\/www.xing.com\/pages\/cryospain\ufeff&#8220; use_icon_font_size=&#8220;on&#8220; icon_font_size=&#8220;23px&#8220; _builder_version=&#8220;4.17.3&#8243; background_color=&#8220;#F38B00&#8243; background_enable_color=&#8220;on&#8220; custom_margin=&#8220;|||&#8220; custom_padding=&#8220;1px|1px|1px|1px|false|false&#8220; border_radii=&#8220;on||||&#8220; global_colors_info=&#8220;{}&#8220; follow_button=&#8220;off&#8220; url_new_window=&#8220;on&#8220;]xing[\/et_pb_social_media_follow_network][\/et_pb_social_media_follow][\/et_pb_column][\/et_pb_row][et_pb_row _builder_version=&#8220;4.16&#8243; _module_preset=&#8220;default&#8220; custom_margin=&#8220;0px||||false|false&#8220; custom_padding=&#8220;0px||||false|false&#8220; global_colors_info=&#8220;{}&#8220;][et_pb_column type=&#8220;4_4&#8243; _builder_version=&#8220;4.16&#8243; _module_preset=&#8220;default&#8220; global_colors_info=&#8220;{}&#8220;][et_pb_blog fullwidth=&#8220;off&#8220; posts_number=&#8220;12&#8243; include_categories=&#8220;all,current,678,87,680,679&#8243; show_more=&#8220;on&#8220; show_author=&#8220;off&#8220; show_categories=&#8220;off&#8220; disabled_on=&#8220;off|off|off&#8220; module_class=&#8220;et_blog_grid_equal_height&#8220; _builder_version=&#8220;4.17.4&#8243; _module_preset=&#8220;default&#8220; header_level=&#8220;h1&#8243; header_font=&#8220;Open Sans|600|||||||&#8220; header_text_color=&#8220;#757575&#8243; header_font_size=&#8220;24px&#8220; meta_font=&#8220;Open Sans||||||||&#8220; meta_text_color=&#8220;#F38B00&#8243; meta_font_size=&#8220;13px&#8220; meta_line_height=&#8220;1.6em&#8220; read_more_font=&#8220;Open Sans||||||||&#8220; pagination_font=&#8220;Open Sans|600||on|||||&#8220; pagination_text_color=&#8220;#F38B00&#8243; pagination_font_size=&#8220;16px&#8220; header_font_size_tablet=&#8220;&#8220; header_font_size_phone=&#8220;&#8220; header_font_size_last_edited=&#8220;on|desktop&#8220; header_line_height_tablet=&#8220;&#8220; header_line_height_phone=&#8220;&#8220; header_line_height_last_edited=&#8220;on|desktop&#8220; box_shadow_style=&#8220;preset3&#8243; box_shadow_vertical=&#8220;15px&#8220; box_shadow_blur=&#8220;50px&#8220; box_shadow_color=&#8220;rgba(0,0,0,0.2)&#8220; global_colors_info=&#8220;{}&#8220; pagination_text_color__hover_enabled=&#8220;on|desktop&#8220; pagination_text_color__hover=&#8220;#46A8C6&#8243;][\/et_pb_blog][\/et_pb_column][\/et_pb_row][\/et_pb_section][et_pb_section fb_built=&#8220;1&#8243; admin_label=&#8220;Subscribe&#8220; module_id=&#8220;newsletter-de&#8220; _builder_version=&#8220;4.17.4&#8243; background_color=&#8220;#00607F&#8220; custom_margin=&#8220;||||false|false&#8220; custom_padding=&#8220;0px|0px|0px|0px&#8220; global_colors_info=&#8220;{}&#8220;][et_pb_row column_structure=&#8220;1_4,1_2,1_4&#8243; disabled_on=&#8220;off|off|off&#8220; _builder_version=&#8220;4.16&#8243; custom_margin=&#8220;|||&#8220; custom_padding=&#8220;0px|0px|0px|0px&#8220; global_colors_info=&#8220;{}&#8220;][et_pb_column type=&#8220;1_4&#8243; _builder_version=&#8220;4.16&#8243; custom_padding=&#8220;|||&#8220; global_colors_info=&#8220;{}&#8220; custom_padding__hover=&#8220;|||&#8220;][\/et_pb_column][et_pb_column type=&#8220;1_2&#8243; _builder_version=&#8220;4.16&#8243; custom_padding=&#8220;|||&#8220; global_colors_info=&#8220;{}&#8220; custom_padding__hover=&#8220;|||&#8220;][et_pb_signup mailchimp_list=&#8220;SlavaET|03dac884f0&#8243; name_field=&#8220;on&#8220; title=&#8220;Wir halten sie auf dem laufenden&#8220; button_text=&#8220;Senden&#8220; description=&#8220;<\/p>\n<p>Erhalten Sie regelm\u00e4\u00dfig die neuesten Nachrichten \u00fcber die Welt der Kryotechnik.<\/p>\n<p>&#8220; disabled_on=&#8220;on|on|on&#8220; _builder_version=&#8220;4.27.4&#8243; form_field_text_color=&#8220;rgba(0,0,0,0.7)&#8220; header_level=&#8220;h1&#8243; header_font=&#8220;Open Sans|600|||||||&#8220; header_text_color=&#8220;#00607f&#8220; header_font_size=&#8220;39px&#8220; header_line_height=&#8220;1.2em&#8220; body_font=&#8220;Open Sans|600|||||||&#8220; body_text_color=&#8220;#757575&#8243; body_font_size=&#8220;16px&#8220; result_message_font=&#8220;||||||||&#8220; background_color=&#8220;#ffffff&#8220; custom_button=&#8220;on&#8220; button_text_color=&#8220;#ffffff&#8220; button_bg_color=&#8220;#46a8c6&#8243; button_border_width=&#8220;0px&#8220; button_border_radius=&#8220;100px&#8220; button_letter_spacing=&#8220;1px&#8220; button_font=&#8220;Open Sans|600||on|||||&#8220; button_icon=&#8220;&#x24;||divi||400&#8243; text_orientation=&#8220;center&#8220; background_layout=&#8220;light&#8220; custom_margin=&#8220;-50px||-60px|||&#8220; custom_margin_tablet=&#8220;&#8220; custom_margin_phone=&#8220;&#8220; custom_margin_last_edited=&#8220;on|phone&#8220; custom_padding=&#8220;50px|60px|50px|60px||&#8220; custom_padding_tablet=&#8220;&#8220; custom_padding_phone=&#8220;|20px||20px|false|false&#8220; custom_padding_last_edited=&#8220;on|desktop&#8220; animation_direction=&#8220;left&#8220; hover_enabled=&#8220;0&#8243; header_font_size_tablet=&#8220;&#8220; header_font_size_phone=&#8220;30px&#8220; header_font_size_last_edited=&#8220;on|phone&#8220; body_font_size_tablet=&#8220;&#8220; body_font_size_phone=&#8220;15px&#8220; body_font_size_last_edited=&#8220;on|phone&#8220; button_text_size_tablet=&#8220;&#8220; button_text_size_phone=&#8220;18px&#8220; button_text_size_last_edited=&#8220;on|phone&#8220; border_radii=&#8220;on|10px|10px|10px|10px&#8220; border_color_all_fields=&#8220;#dfdfe3&#8243; border_width_bottom_fields=&#8220;1px&#8220; box_shadow_style=&#8220;preset3&#8243; box_shadow_vertical=&#8220;15px&#8220; box_shadow_blur=&#8220;80px&#8220; box_shadow_color=&#8220;rgba(0,0,0,0.2)&#8220; button_letter_spacing_hover=&#8220;1px&#8220; disabled=&#8220;on&#8220; locked=&#8220;off&#8220; global_colors_info=&#8220;{}&#8220; button_text_size__hover_enabled=&#8220;off&#8220; button_one_text_size__hover_enabled=&#8220;off&#8220; button_two_text_size__hover_enabled=&#8220;off&#8220; button_text_color__hover_enabled=&#8220;off&#8220; button_one_text_color__hover_enabled=&#8220;off&#8220; button_two_text_color__hover_enabled=&#8220;off&#8220; button_border_width__hover_enabled=&#8220;off&#8220; button_one_border_width__hover_enabled=&#8220;off&#8220; button_two_border_width__hover_enabled=&#8220;off&#8220; button_border_color__hover_enabled=&#8220;off&#8220; button_one_border_color__hover_enabled=&#8220;off&#8220; button_two_border_color__hover_enabled=&#8220;off&#8220; button_border_radius__hover_enabled=&#8220;off&#8220; button_one_border_radius__hover_enabled=&#8220;off&#8220; button_two_border_radius__hover_enabled=&#8220;off&#8220; button_letter_spacing__hover_enabled=&#8220;on&#8220; button_letter_spacing__hover=&#8220;1px&#8220; button_one_letter_spacing__hover_enabled=&#8220;off&#8220; button_two_letter_spacing__hover_enabled=&#8220;off&#8220; button_bg_color__hover_enabled=&#8220;off&#8220; button_one_bg_color__hover_enabled=&#8220;off&#8220; button_two_bg_color__hover_enabled=&#8220;off&#8220; sticky_enabled=&#8220;0&#8243;]<\/p>\n<p>Curabitur non nulla sit amet nisl tempus convalli quis ac lectus. Nulla quis lorem ut libero<\/p>\n<p>[\/et_pb_signup][et_pb_text _builder_version=&#8220;4.27.4&#8243; _module_preset=&#8220;default&#8220; text_font=&#8220;||||||||&#8220; text_text_color=&#8220;#FFFFFF&#8220; text_font_size=&#8220;18px&#8220; header_font=&#8220;|600||on|||||&#8220; header_text_color=&#8220;#FFFFFF&#8220; header_font_size=&#8220;24px&#8220; text_orientation=&#8220;center&#8220; custom_margin=&#8220;8%||||false|false&#8220; hover_enabled=&#8220;0&#8243; global_colors_info=&#8220;{}&#8220; sticky_enabled=&#8220;0&#8243;]<\/p>\n<h1>Wir halten sie auf dem laufenden<\/h1>\n<p>Erhalten Sie regelm\u00e4\u00dfig die neuesten Nachrichten \u00fcber die Welt der Kryotechnik.<\/p>\n<p>[\/et_pb_text][et_pb_code _builder_version=&#8220;4.17.4&#8243; _module_preset=&#8220;default&#8220; global_colors_info=&#8220;{}&#8220;]<!--[if lte IE 8]><!-- [et_pb_line_break_holder] --><script charset=\"utf-8\" type=\"text\/javascript\" src=\"\/\/js.hsforms.net\/forms\/v2-legacy.js\"><\/script><!-- [et_pb_line_break_holder] --><![endif]--><!-- [et_pb_line_break_holder] --><script charset=\"utf-8\" type=\"text\/javascript\" src=\"\/\/js.hsforms.net\/forms\/v2.js\"><\/script><!-- [et_pb_line_break_holder] --><script><!-- [et_pb_line_break_holder] -->\u00a0 hbspt.forms.create({<!-- [et_pb_line_break_holder] -->region: \"na1\",<!-- [et_pb_line_break_holder] -->portalId: \"9238054\",<!-- [et_pb_line_break_holder] -->formId: \"90cc9d45-97cb-4a99-b377-78c6be7f9652\"<!-- [et_pb_line_break_holder] -->});<!-- [et_pb_line_break_holder] --><\/script>[\/et_pb_code][\/et_pb_column][et_pb_column type=&#8220;1_4&#8243; _builder_version=&#8220;4.16&#8243; custom_padding=&#8220;|||&#8220; global_colors_info=&#8220;{}&#8220; custom_padding__hover=&#8220;|||&#8220;][\/et_pb_column][\/et_pb_row][\/et_pb_section]<\/p>\n<span class=\"et_bloom_bottom_trigger\"><\/span>","protected":false},"excerpt":{"rendered":"<p>Curabitur non nulla sit amet nisl tempus convalli quis ac lectus. Nulla quis lorem ut libero Wir halten sie auf dem laufenden Erhalten Sie regelm\u00e4\u00dfig die neuesten Nachrichten \u00fcber die Welt der Kryotechnik.<\/p>\n","protected":false},"author":1,"featured_media":0,"parent":0,"menu_order":0,"comment_status":"closed","ping_status":"closed","template":"","meta":{"_et_pb_use_builder":"on","_et_pb_old_content":"","_et_gb_content_width":"","footnotes":""},"class_list":["post-22706","page","type-page","status-publish","hentry"],"yoast_head":"<!-- This site is optimized with the Yoast SEO Premium plugin v27.2 (Yoast SEO v27.2) - https:\/\/yoast.com\/product\/yoast-seo-premium-wordpress\/ -->\n<title>Blog | Cryospain<\/title>\n<meta name=\"description\" content=\"Folgen Sie unserem Blog, und erfahren Sie aly erster alle Neuigkeiten zur Kryotechnik. Verpassen Sie keine Neuigkeiten!\" \/>\n<meta name=\"robots\" content=\"index, follow, max-snippet:-1, max-image-preview:large, max-video-preview:-1\" \/>\n<link rel=\"canonical\" href=\"https:\/\/cryospain.com\/de\/news\" \/>\n<meta property=\"og:locale\" content=\"de_DE\" \/>\n<meta property=\"og:type\" content=\"article\" \/>\n<meta property=\"og:title\" content=\"News\" \/>\n<meta property=\"og:description\" content=\"Folgen Sie unserem Blog, und erfahren Sie aly erster alle Neuigkeiten zur Kryotechnik. Verpassen Sie keine Neuigkeiten!\" \/>\n<meta property=\"og:url\" content=\"https:\/\/cryospain.com\/de\/news\" \/>\n<meta property=\"og:site_name\" content=\"Cryospain\" \/>\n<meta property=\"article:modified_time\" content=\"2025-01-28T13:58:15+00:00\" \/>\n<meta name=\"twitter:card\" content=\"summary_large_image\" \/>\n<meta name=\"twitter:label1\" content=\"Gesch\u00e4tzte Lesezeit\" \/>\n\t<meta name=\"twitter:data1\" content=\"6 Minute\" \/>\n<script type=\"application\/ld+json\" class=\"yoast-schema-graph\">{\"@context\":\"https:\/\/schema.org\",\"@graph\":[{\"@type\":\"WebPage\",\"@id\":\"https:\/\/cryospain.com\/de\/news\",\"url\":\"https:\/\/cryospain.com\/de\/news\",\"name\":\"Blog | Cryospain\",\"isPartOf\":{\"@id\":\"https:\/\/cryospain.com\/es\/#website\"},\"datePublished\":\"2022-03-28T08:05:40+00:00\",\"dateModified\":\"2025-01-28T13:58:15+00:00\",\"description\":\"Folgen Sie unserem Blog, und erfahren Sie aly erster alle Neuigkeiten zur Kryotechnik. Verpassen Sie keine Neuigkeiten!\",\"breadcrumb\":{\"@id\":\"https:\/\/cryospain.com\/de\/news#breadcrumb\"},\"inLanguage\":\"de\",\"potentialAction\":[{\"@type\":\"ReadAction\",\"target\":[\"https:\/\/cryospain.com\/de\/news\"]}]},{\"@type\":\"BreadcrumbList\",\"@id\":\"https:\/\/cryospain.com\/de\/news#breadcrumb\",\"itemListElement\":[{\"@type\":\"ListItem\",\"position\":1,\"name\":\"Portada\",\"item\":\"https:\/\/cryospain.com\/de\"},{\"@type\":\"ListItem\",\"position\":2,\"name\":\"News\"}]},{\"@type\":\"WebSite\",\"@id\":\"https:\/\/cryospain.com\/es\/#website\",\"url\":\"https:\/\/cryospain.com\/es\/\",\"name\":\"Cryospain\",\"description\":\"High-end Engineering at low temperatures\",\"publisher\":{\"@id\":\"https:\/\/cryospain.com\/es\/#organization\"},\"potentialAction\":[{\"@type\":\"SearchAction\",\"target\":{\"@type\":\"EntryPoint\",\"urlTemplate\":\"https:\/\/cryospain.com\/es\/?s={search_term_string}\"},\"query-input\":{\"@type\":\"PropertyValueSpecification\",\"valueRequired\":true,\"valueName\":\"search_term_string\"}}],\"inLanguage\":\"de\"},{\"@type\":\"Organization\",\"@id\":\"https:\/\/cryospain.com\/es\/#organization\",\"name\":\"Cryospain\",\"url\":\"https:\/\/cryospain.com\/es\/\",\"logo\":{\"@type\":\"ImageObject\",\"inLanguage\":\"de\",\"@id\":\"https:\/\/cryospain.com\/es\/#\/schema\/logo\/image\/\",\"url\":\"https:\/\/cryospain.com\/wp-content\/uploads\/2023\/07\/logo-cryospain-696-696-yoast.png\",\"contentUrl\":\"https:\/\/cryospain.com\/wp-content\/uploads\/2023\/07\/logo-cryospain-696-696-yoast.png\",\"width\":696,\"height\":696,\"caption\":\"Cryospain\"},\"image\":{\"@id\":\"https:\/\/cryospain.com\/es\/#\/schema\/logo\/image\/\"},\"sameAs\":[\"https:\/\/www.linkedin.com\/company\/cryospain\/\",\"https:\/\/www.youtube.com\/@cryospain\"]}]}<\/script>\n<!-- \/ Yoast SEO Premium plugin. -->","yoast_head_json":{"title":"Blog | Cryospain","description":"Folgen Sie unserem Blog, und erfahren Sie aly erster alle Neuigkeiten zur Kryotechnik. Verpassen Sie keine Neuigkeiten!","robots":{"index":"index","follow":"follow","max-snippet":"max-snippet:-1","max-image-preview":"max-image-preview:large","max-video-preview":"max-video-preview:-1"},"canonical":"https:\/\/cryospain.com\/de\/news","og_locale":"de_DE","og_type":"article","og_title":"News","og_description":"Folgen Sie unserem Blog, und erfahren Sie aly erster alle Neuigkeiten zur Kryotechnik. Verpassen Sie keine Neuigkeiten!","og_url":"https:\/\/cryospain.com\/de\/news","og_site_name":"Cryospain","article_modified_time":"2025-01-28T13:58:15+00:00","twitter_card":"summary_large_image","twitter_misc":{"Gesch\u00e4tzte Lesezeit":"6 Minute"},"schema":{"@context":"https:\/\/schema.org","@graph":[{"@type":"WebPage","@id":"https:\/\/cryospain.com\/de\/news","url":"https:\/\/cryospain.com\/de\/news","name":"Blog | Cryospain","isPartOf":{"@id":"https:\/\/cryospain.com\/es\/#website"},"datePublished":"2022-03-28T08:05:40+00:00","dateModified":"2025-01-28T13:58:15+00:00","description":"Folgen Sie unserem Blog, und erfahren Sie aly erster alle Neuigkeiten zur Kryotechnik. Verpassen Sie keine Neuigkeiten!","breadcrumb":{"@id":"https:\/\/cryospain.com\/de\/news#breadcrumb"},"inLanguage":"de","potentialAction":[{"@type":"ReadAction","target":["https:\/\/cryospain.com\/de\/news"]}]},{"@type":"BreadcrumbList","@id":"https:\/\/cryospain.com\/de\/news#breadcrumb","itemListElement":[{"@type":"ListItem","position":1,"name":"Portada","item":"https:\/\/cryospain.com\/de"},{"@type":"ListItem","position":2,"name":"News"}]},{"@type":"WebSite","@id":"https:\/\/cryospain.com\/es\/#website","url":"https:\/\/cryospain.com\/es\/","name":"Cryospain","description":"High-end Engineering at low temperatures","publisher":{"@id":"https:\/\/cryospain.com\/es\/#organization"},"potentialAction":[{"@type":"SearchAction","target":{"@type":"EntryPoint","urlTemplate":"https:\/\/cryospain.com\/es\/?s={search_term_string}"},"query-input":{"@type":"PropertyValueSpecification","valueRequired":true,"valueName":"search_term_string"}}],"inLanguage":"de"},{"@type":"Organization","@id":"https:\/\/cryospain.com\/es\/#organization","name":"Cryospain","url":"https:\/\/cryospain.com\/es\/","logo":{"@type":"ImageObject","inLanguage":"de","@id":"https:\/\/cryospain.com\/es\/#\/schema\/logo\/image\/","url":"https:\/\/cryospain.com\/wp-content\/uploads\/2023\/07\/logo-cryospain-696-696-yoast.png","contentUrl":"https:\/\/cryospain.com\/wp-content\/uploads\/2023\/07\/logo-cryospain-696-696-yoast.png","width":696,"height":696,"caption":"Cryospain"},"image":{"@id":"https:\/\/cryospain.com\/es\/#\/schema\/logo\/image\/"},"sameAs":["https:\/\/www.linkedin.com\/company\/cryospain\/","https:\/\/www.youtube.com\/@cryospain"]}]}},"_links":{"self":[{"href":"https:\/\/cryospain.com\/de\/wp-json\/wp\/v2\/pages\/22706","targetHints":{"allow":["GET"]}}],"collection":[{"href":"https:\/\/cryospain.com\/de\/wp-json\/wp\/v2\/pages"}],"about":[{"href":"https:\/\/cryospain.com\/de\/wp-json\/wp\/v2\/types\/page"}],"author":[{"embeddable":true,"href":"https:\/\/cryospain.com\/de\/wp-json\/wp\/v2\/users\/1"}],"replies":[{"embeddable":true,"href":"https:\/\/cryospain.com\/de\/wp-json\/wp\/v2\/comments?post=22706"}],"version-history":[{"count":27,"href":"https:\/\/cryospain.com\/de\/wp-json\/wp\/v2\/pages\/22706\/revisions"}],"predecessor-version":[{"id":34330,"href":"https:\/\/cryospain.com\/de\/wp-json\/wp\/v2\/pages\/22706\/revisions\/34330"}],"wp:attachment":[{"href":"https:\/\/cryospain.com\/de\/wp-json\/wp\/v2\/media?parent=22706"}],"curies":[{"name":"wp","href":"https:\/\/api.w.org\/{rel}","templated":true}]}}