{"id":22856,"date":"2022-03-31T16:35:11","date_gmt":"2022-03-31T14:35:11","guid":{"rendered":"https:\/\/cryospain.com\/rechtlicher-hinweis"},"modified":"2022-04-02T20:05:40","modified_gmt":"2022-04-02T18:05:40","slug":"rechtlicher-hinweis","status":"publish","type":"page","link":"https:\/\/cryospain.com\/de\/rechtlicher-hinweis","title":{"rendered":"Rechtlicher hinweis"},"content":{"rendered":"\n<p> [et_pb_section admin_label=&#8220;section&#8220;]<br\/>[et_pb_row admin_label=&#8220;row&#8220;]<br\/>[et_pb_column type=&#8220;4_4&#8243;][et_pb_text admin_label=&#8220;Text&#8220;] <\/p>\n<p>Diese Website <a href=\"https:\/\/cryospain.com\/de\" target=\"_blank\" rel=\"noopener\">www.cryospain.com<\/a> ist eine Internetdom\u00e4ne im Besitz von CRYOSPAIN, S.L. (im Folgenden \u201eCryospain\u201c), mit Sitz in Calle Urogallos 1-3, Pinto (Madrid) und CIF B83219998. Das Unternehmen ist im Handelsregister von Madrid, Band 17367, Blatt 87, Abschnitt 8, Blatt M-297961 eingetragen.<\/p>\n\n<p><strong>Bei Fragen oder Fragen zu diesem rechtlichen Hinweis k\u00f6nnen Sie uns telefonisch unter 912959367 oder per E-Mail an <a href=\"mailto:protecciondatos@cryospain.com\">protecciondatos@cryospain.com<\/a>  kontaktieren.<\/strong><\/p>\n\n<p>Die Nutzung der Website setzt die vollst\u00e4ndige, ausdr\u00fcckliche und vorbehaltlose Annahme der darin enthaltenen Nutzungsbedingungen durch den Benutzer voraus Rechtliche Hinweise sowie unsere Richtlinien zu \u201eDatenschutz und Privatsph\u00e4re\u201c und \u201eCookie-Richtlinie\u201c. <\/p>\n\n<p>F\u00fcr den Fall, dass der Benutzer mit dem Inhalt dieses rechtlichen Hinweises nicht einverstanden ist, muss er die Nutzung dieser Website und den Betrieb \u00fcber sie unterlassen. Aus all diesen Gr\u00fcnden <strong>lesen Sie bitte sorgf\u00e4ltig alle hier aufgef\u00fchrten Informationen.<\/strong><\/p>\n\n<p>Wenn zu irgendeinem Zeitpunkt bestimmte Inhaltsdienste und\/oder Tools, die \u00fcber diese Website angeboten werden, die Anwendung besonderer Bedingungen erfordern, werden diese dem Benutzer zur Verf\u00fcgung gestellt. &#13;\nAndererseits warnt Cryospain davor, dass sowohl die Inhalte und Dienste dieser Website als auch die Nutzungsbedingungen selbst einseitig und ohne vorherige Ank\u00fcndigung ge\u00e4ndert werden k\u00f6nnen. <\/p>\n\n<h2 class=\"wp-block-heading\" id=\"h-1-conditions-of-use\"><strong>1. Nutzungsbedingungen.<\/strong><\/h2>\n\n<p><\/p>\n\n<ul class=\"wp-block-list\" type=\"1\"><li>Die Nutzung der Website ist ohne vorherige Registrierung kostenlos. Der Informations- und Kontaktanfragedienst erfordert jedoch, dass Sie eine Reihe von personenbezogenen Daten angeben, indem Sie ein Formular ausf\u00fcllen. Der Benutzer stimmt zu, dass die bereitgestellten Daten wahr, genau und vollst\u00e4ndig sind. Es verpflichtet sich auch, die personenbezogenen Daten, die Cryospain zur Verf\u00fcgung gestellt werden, auf dem neuesten Stand zu halten, und daher ist der Benutzer allein verantwortlich f\u00fcr eventuelle Unwahrheiten oder Ungenauigkeiten. <\/li><li>Die Bereitstellung personenbezogener Daten \u00fcber unsere Website erfordert ein <strong>Mindestalter von 14 Jahren<\/strong> oder gegebenenfalls eine ausreichende Gesch\u00e4ftsf\u00e4higkeit.<\/li><li>Die Tatsache, dass p<strong>ersonenbezogene Daten \u00fcber das<\/strong> daf\u00fcr vorgesehene <strong>Formular<\/strong> bereitgestellt werden, <strong>setzt die ausdr\u00fcckliche Annahme der Datenschutzrichtlinie von Cryospain voraus.<\/strong> Wird die Datenschutzerkl\u00e4rung nicht akzeptiert, kann Ihre Anfrage \u00fcber das Kontaktformular nicht bearbeitet werden. <\/li><li>Die Website darf nur f\u00fcr legale Zwecke verwendet werden, und der Benutzer ist verpflichtet, sie gem\u00e4\u00df diesen Nutzungsbedingungen rechtm\u00e4\u00dfig und ehrlich zu verwenden. Der Benutzer verpflichtet sich, die Dienste der Website nicht zu nutzen, um Aktivit\u00e4ten durchzuf\u00fchren, die gegen die spanische Gesetzgebung, Moral und \u00f6ffentliche Ordnung versto\u00dfen, wobei der Benutzer alle Verantwortlichkeiten f\u00fcr Sch\u00e4den gegen\u00fcber Cryospain oder Dritten \u00fcbernimmt, die sich unter anderem aus illegalen oder verbotenen Praktiken ergeben k\u00f6nnen und durch Beispielhaft und ohne Einschr\u00e4nkung:<br\/><ul><li><strong>Manipulationen oder \u00c4nderungen an dieser Website<\/strong> ohne vorherige Zustimmung des Eigent\u00fcmers der Domain vorzunehmen, wobei Cryospain keine Verantwortung \u00fcbernimmt, die sich aus der Manipulation oder \u00c4nderung durch Dritte ergeben k\u00f6nnte. <\/li><li><strong>Handlungen ausf\u00fchren, die die Website und die Dienste besch\u00e4digen, <\/strong>unbrauchbar machen, \u00fcberlasten oder beeintr\u00e4chtigen und\/oder die normale Nutzung und Nutzung durch andere Benutzer verhindern.<\/li><li>Computerprogramme, Daten, fehlerhafte Dateien, Viren, b\u00f6sartige Codes, Computer- oder Telekommunikationsger\u00e4te oder andere, unabh\u00e4ngig von ihrer Art, <strong>einzuf\u00fchren und\/oder zu verwenden<\/strong>, die der Website, einem der Dienste oder einem Verm\u00f6genswert (physische oder logisch) der Informationssysteme von Cryospain.<\/li><li><strong>Verletzung der Rechte Dritter<\/strong> auf Privatsph\u00e4re, eigenes Bild, Datenschutz, Kommunikationsgeheimnis, geistiges und gewerbliches Eigentum.<\/li><li><strong>Verbergen und verf\u00e4lschen<\/strong> Sie die Herkunft von E-Mail-Nachrichten.<\/li><li><strong>Verwenden Sie falsche Identit\u00e4ten, geben Sie sich bei<\/strong> der Nutzung der Website oder bei der Nutzung eines der Dienste als die Identit\u00e4t anderer aus. <\/li><li><strong>Den Inhalt dieser Seite reproduzieren, verbreiten, modifizieren oder kopieren,<\/strong> sofern nicht von Cryospain autorisiert oder gesetzlich autorisiert.<\/li><\/ul><\/li><\/ul>\n<p>Cryospain beh\u00e4lt sich das Recht vor, rechtliche Schritte einzuleiten, die es f\u00fcr angemessen h\u00e4lt, gegen diejenigen, die gegen diese Nutzungsbedingungen versto\u00dfen, wobei der Benutzer akzeptiert, dass die Nichteinleitung dieser Ma\u00dfnahmen keinen formellen Verzicht darauf bedeutet, diese bleiben bis zum Ablauf der gesetzlichen Fristen in Kraft Verj\u00e4hrung von Straftaten. <\/p>\n\n<h2 id=\"h-2-liability\"><strong>2. Verantwortlichkeiten<\/strong><\/h2>\r\n\n<p>Cryospain ist nicht verantwortlich f\u00fcr die Links zu anderen Internetseiten Dritter und ihre Existenz bedeutet nicht, dass Cryospain deren Inhalte und Dienste billigt oder akzeptiert. Diese anderen Webseiten werden nicht von Cryospain kontrolliert und fallen nicht unter diese rechtlichen Hinweise oder unsere Datenschutzrichtlinie. Wenn Sie \u00fcber die bereitgestellten Links auf andere Websites zugreifen, k\u00f6nnen die Betreiber dieser Websites Ihre personenbezogenen Daten erfassen. Stellen Sie sicher, dass Sie den Datenschutzrichtlinien dieser Websites Dritter zustimmen, bevor Sie personenbezogene Daten angeben. <\/p>\n\n<p><strong>Cryospain ist von jeglicher Haftung f\u00fcr Sch\u00e4den jeglicher Art und Art befreit,<\/strong> die sich aus der Nutzung der Website ergeben k\u00f6nnen, sowie f\u00fcr Sch\u00e4den, die sich aus der Verletzung von Rechten an geistigem und gewerblichem Eigentum durch Benutzer und \/ oder dem Mangel an Wahrhaftigkeit, Genauigkeit und Aktualit\u00e4t der Inhalte. <\/p>\n\n<p><strong>Cryospain garantiert nicht die kontinuierliche und ununterbrochene Verf\u00fcgbarkeit des Dienstes <\/strong>aufgrund von Umst\u00e4nden, die durch Probleme im Internetnetzwerk, Ausf\u00e4lle von Computerger\u00e4ten oder andere unvorhersehbare Ursachen verursacht werden, f\u00fcr die der Benutzer diese m\u00f6glichen Vorf\u00e4lle akzeptiert und ausdr\u00fccklich auf Anspr\u00fcche verzichtet Cryospain \u00fcbernimmt keinerlei Verantwortung f\u00fcr m\u00f6gliche Ausf\u00e4lle, Fehler, Dienstunterbrechungen, unsachgem\u00e4\u00dfen Betrieb oder Unm\u00f6glichkeit des Zugriffs auf den Dienst. <\/p>\n\n<p>Cryospain ist nicht verantwortlich f\u00fcr Sch\u00e4den, die durch das Vorhandensein von Viren oder anderer sch\u00e4dlicher Software verursacht werden, die \u00c4nderungen im Computersystem des Benutzers verursachen k\u00f6nnen. <\/p>\n\n<h2 class=\"wp-block-heading\" id=\"h-3-intellectual-property\"><strong>3. Geistiges Eigentum.<\/strong><\/h2>\n\n<p>Die Website, einschlie\u00dflich, aber nicht beschr\u00e4nkt auf ihre Programmierung, Designs, Logos, Texte und Grafiken, sind Eigentum von Cryospain oder verf\u00fcgen gegebenenfalls \u00fcber eine Lizenz oder ausdr\u00fcckliche Genehmigung der Autoren. <\/p>\n\n<p><strong>CRYOSPAIN ist ein eingetragenes Warenzeichen<\/strong> und die Reproduktion, Nachahmung, Verwendung oder Einf\u00fcgung dieses Warenzeichens ohne entsprechende Genehmigung ist verboten. <\/p>\n\n<p>Unabh\u00e4ngig des Zwecks, f\u00fcr den sie bestimmt waren, bedarf die vollst\u00e4ndige oder teilweise Vervielf\u00e4ltigung, Nutzung, Verwertung, Verbreitung und Vermarktung in jedem Fall der vorherigen schriftlichen Genehmigung von Cryospain. <\/p>\n\n<p>Der Benutzer hat nur das Recht, sie privat und ohne Gewinn zu verwenden, und bedarf der ausdr\u00fccklichen Genehmigung, um alle Rechte von Cryospain zu \u00e4ndern, zu reproduzieren, zu verwerten, zu verteilen oder auszu\u00fcben. <\/p>\n\n<p>Cryospain gestattet Dritten ausdr\u00fccklich, direkt auf die spezifischen Inhalte der Website weiterzuleiten, und muss in jedem Fall auf die Hauptwebsite des Anbieters weiterleiten. <\/p>\n\n<p>Cryospain garantiert nicht die Genauigkeit, Wahrhaftigkeit und G\u00fcltigkeit des Inhalts dieser Website, unabh\u00e4ngig davon, ob es sich um eigene Websites, Websites Dritter oder Links zu anderen Websites handelt, und ist vollst\u00e4ndig von jeglicher Haftung befreit, die sich aus der Verwendung derselben ergibt. <\/p>\n\n<p>Plagiate, ganz oder teilweise, unserer Website sind absolut verboten. <\/p>\n\n<p>Der Benutzer best\u00e4tigt, alle in diesem rechtlichen Hinweis enthaltenen Informationen zu den Nutzungsbedingungen der Cryospain-Website gelesen und verstanden zu haben, und akzeptiert sie vollst\u00e4ndig und ausdr\u00fccklich. <\/p>\n\n<p>Dem Benutzer ist vollkommen bewusst, dass das blo\u00dfe Surfen auf dieser Webseite sowie die Nutzung ihrer Dienste in jedem Fall die Annahme dieser Nutzungsbedingungen impliziert. <\/p>\n\n<h2 class=\"wp-block-heading\" id=\"h-4-data-protection-and-use-of-cookies\"><strong>4. Datenschutz und Verwendung von Cookies <\/strong><\/h2>\n\n<p>Sie k\u00f6nnen unsere <strong>Richtlinie zum Schutz personenbezogener Daten und zur Verwendung von Cookies<\/strong> unter den folgenden Links einsehen:<\/p>\n\n<p><a href=\"https:\/\/cryospain.com\/cookie-policy\" target=\"_blank\" rel=\"noreferrer noopener\">\u2022 Cookie-Richtlinie<\/a><\/p>\n\n<p><a href=\"https:\/\/cryospain.com\/private-policy\" target=\"_blank\" rel=\"noreferrer noopener\">\u2022 Datenschutzrichtlinie &#13;\n<\/a><\/p>\n\n<h2 class=\"wp-block-heading\" id=\"h-5-applicable-legislation\"><strong>5. Anwendbares Recht<\/strong><\/h2>\n\n<p>Diese Nutzungsbedingungen unterliegen jederzeit der die Bestimmungen des spanischen Rechts, denen sowohl Inl\u00e4nder als auch Ausl\u00e4nder unterliegen, die diese Website nutzen. &#13;\n&#13;\nIm Falle von Meinungsverschiedenheiten oder Meinungsverschiedenheiten zwischen den Parteien in Bezug auf die Auslegung und den Inhalt dieser Website unterwerfen sich alle Parteien unter ausdr\u00fccklichem Verzicht auf eine andere Zust\u00e4ndigkeit den Gerichten von Pinto. &#13;\n&#13;\nIm Falle eines Konflikts hat der spanische Text Vorrang vor allen \u00dcbersetzungen desselben, die m\u00f6glicherweise auf dieser Website ver\u00f6ffentlicht werden.<\/p>\n\n<p>[\/et_pb_text][\/et_pb_column] [\/et_pb_row] [\/et_pb_section]<\/p>\n\n<p><\/p>\n<span class=\"et_bloom_bottom_trigger\"><\/span>","protected":false},"excerpt":{"rendered":"<p>[et_pb_section admin_label=&#8220;section&#8220;][et_pb_row admin_label=&#8220;row&#8220;][et_pb_column type=&#8220;4_4&#8243;][et_pb_text admin_label=&#8220;Text&#8220;] Diese Website www.cryospain.com ist eine Internetdom\u00e4ne im Besitz von CRYOSPAIN, S.L. (im Folgenden \u201eCryospain\u201c), mit Sitz in Calle Urogallos 1-3, Pinto (Madrid) und CIF B83219998. Das Unternehmen ist im Handelsregister von Madrid, Band 17367, Blatt 87, Abschnitt 8, Blatt M-297961 eingetragen. Bei Fragen oder Fragen zu diesem rechtlichen Hinweis k\u00f6nnen [&hellip;]<\/p>\n","protected":false},"author":1,"featured_media":0,"parent":0,"menu_order":0,"comment_status":"closed","ping_status":"closed","template":"","meta":{"_et_pb_use_builder":"off","_et_pb_old_content":"","_et_gb_content_width":"","footnotes":""},"class_list":["post-22856","page","type-page","status-publish","hentry"],"yoast_head":"<!-- This site is optimized with the Yoast SEO Premium plugin v27.2 (Yoast SEO v27.2) - https:\/\/yoast.com\/product\/yoast-seo-premium-wordpress\/ -->\n<title>Cryospain | High technology at low temperatures<\/title>\n<meta name=\"description\" content=\"Informationen zu den rechtlichen Bedingungen, die die Beziehungen zwischen den Benutzern und Cryospain SL definieren.\" \/>\n<meta name=\"robots\" content=\"index, follow, max-snippet:-1, max-image-preview:large, max-video-preview:-1\" \/>\n<link rel=\"canonical\" href=\"https:\/\/cryospain.com\/de\/rechtlicher-hinweis\" \/>\n<meta property=\"og:locale\" content=\"de_DE\" \/>\n<meta property=\"og:type\" content=\"article\" \/>\n<meta property=\"og:title\" content=\"Rechtlicher hinweis\" \/>\n<meta property=\"og:description\" content=\"Informationen zu den rechtlichen Bedingungen, die die Beziehungen zwischen den Benutzern und Cryospain SL definieren.\" \/>\n<meta property=\"og:url\" content=\"https:\/\/cryospain.com\/de\/rechtlicher-hinweis\" \/>\n<meta property=\"og:site_name\" content=\"Cryospain\" \/>\n<meta property=\"article:modified_time\" content=\"2022-04-02T18:05:40+00:00\" \/>\n<meta name=\"twitter:card\" content=\"summary_large_image\" \/>\n<meta name=\"twitter:label1\" content=\"Gesch\u00e4tzte Lesezeit\" \/>\n\t<meta name=\"twitter:data1\" content=\"6 Minute\" \/>\n<script type=\"application\/ld+json\" class=\"yoast-schema-graph\">{\"@context\":\"https:\/\/schema.org\",\"@graph\":[{\"@type\":\"WebPage\",\"@id\":\"https:\/\/cryospain.com\/de\/rechtlicher-hinweis\",\"url\":\"https:\/\/cryospain.com\/de\/rechtlicher-hinweis\",\"name\":\"Cryospain | High technology at low temperatures\",\"isPartOf\":{\"@id\":\"https:\/\/cryospain.com\/es\/#website\"},\"datePublished\":\"2022-03-31T14:35:11+00:00\",\"dateModified\":\"2022-04-02T18:05:40+00:00\",\"description\":\"Informationen zu den rechtlichen Bedingungen, die die Beziehungen zwischen den Benutzern und Cryospain SL definieren.\",\"breadcrumb\":{\"@id\":\"https:\/\/cryospain.com\/de\/rechtlicher-hinweis#breadcrumb\"},\"inLanguage\":\"de\",\"potentialAction\":[{\"@type\":\"ReadAction\",\"target\":[\"https:\/\/cryospain.com\/de\/rechtlicher-hinweis\"]}]},{\"@type\":\"BreadcrumbList\",\"@id\":\"https:\/\/cryospain.com\/de\/rechtlicher-hinweis#breadcrumb\",\"itemListElement\":[{\"@type\":\"ListItem\",\"position\":1,\"name\":\"Portada\",\"item\":\"https:\/\/cryospain.com\/de\"},{\"@type\":\"ListItem\",\"position\":2,\"name\":\"Rechtlicher hinweis\"}]},{\"@type\":\"WebSite\",\"@id\":\"https:\/\/cryospain.com\/es\/#website\",\"url\":\"https:\/\/cryospain.com\/es\/\",\"name\":\"Cryospain\",\"description\":\"High-end Engineering at low temperatures\",\"publisher\":{\"@id\":\"https:\/\/cryospain.com\/es\/#organization\"},\"potentialAction\":[{\"@type\":\"SearchAction\",\"target\":{\"@type\":\"EntryPoint\",\"urlTemplate\":\"https:\/\/cryospain.com\/es\/?s={search_term_string}\"},\"query-input\":{\"@type\":\"PropertyValueSpecification\",\"valueRequired\":true,\"valueName\":\"search_term_string\"}}],\"inLanguage\":\"de\"},{\"@type\":\"Organization\",\"@id\":\"https:\/\/cryospain.com\/es\/#organization\",\"name\":\"Cryospain\",\"url\":\"https:\/\/cryospain.com\/es\/\",\"logo\":{\"@type\":\"ImageObject\",\"inLanguage\":\"de\",\"@id\":\"https:\/\/cryospain.com\/es\/#\/schema\/logo\/image\/\",\"url\":\"https:\/\/cryospain.com\/wp-content\/uploads\/2023\/07\/logo-cryospain-696-696-yoast.png\",\"contentUrl\":\"https:\/\/cryospain.com\/wp-content\/uploads\/2023\/07\/logo-cryospain-696-696-yoast.png\",\"width\":696,\"height\":696,\"caption\":\"Cryospain\"},\"image\":{\"@id\":\"https:\/\/cryospain.com\/es\/#\/schema\/logo\/image\/\"},\"sameAs\":[\"https:\/\/www.linkedin.com\/company\/cryospain\/\",\"https:\/\/www.youtube.com\/@cryospain\"]}]}<\/script>\n<!-- \/ Yoast SEO Premium plugin. -->","yoast_head_json":{"title":"Cryospain | High technology at low temperatures","description":"Informationen zu den rechtlichen Bedingungen, die die Beziehungen zwischen den Benutzern und Cryospain SL definieren.","robots":{"index":"index","follow":"follow","max-snippet":"max-snippet:-1","max-image-preview":"max-image-preview:large","max-video-preview":"max-video-preview:-1"},"canonical":"https:\/\/cryospain.com\/de\/rechtlicher-hinweis","og_locale":"de_DE","og_type":"article","og_title":"Rechtlicher hinweis","og_description":"Informationen zu den rechtlichen Bedingungen, die die Beziehungen zwischen den Benutzern und Cryospain SL definieren.","og_url":"https:\/\/cryospain.com\/de\/rechtlicher-hinweis","og_site_name":"Cryospain","article_modified_time":"2022-04-02T18:05:40+00:00","twitter_card":"summary_large_image","twitter_misc":{"Gesch\u00e4tzte Lesezeit":"6 Minute"},"schema":{"@context":"https:\/\/schema.org","@graph":[{"@type":"WebPage","@id":"https:\/\/cryospain.com\/de\/rechtlicher-hinweis","url":"https:\/\/cryospain.com\/de\/rechtlicher-hinweis","name":"Cryospain | High technology at low temperatures","isPartOf":{"@id":"https:\/\/cryospain.com\/es\/#website"},"datePublished":"2022-03-31T14:35:11+00:00","dateModified":"2022-04-02T18:05:40+00:00","description":"Informationen zu den rechtlichen Bedingungen, die die Beziehungen zwischen den Benutzern und Cryospain SL definieren.","breadcrumb":{"@id":"https:\/\/cryospain.com\/de\/rechtlicher-hinweis#breadcrumb"},"inLanguage":"de","potentialAction":[{"@type":"ReadAction","target":["https:\/\/cryospain.com\/de\/rechtlicher-hinweis"]}]},{"@type":"BreadcrumbList","@id":"https:\/\/cryospain.com\/de\/rechtlicher-hinweis#breadcrumb","itemListElement":[{"@type":"ListItem","position":1,"name":"Portada","item":"https:\/\/cryospain.com\/de"},{"@type":"ListItem","position":2,"name":"Rechtlicher hinweis"}]},{"@type":"WebSite","@id":"https:\/\/cryospain.com\/es\/#website","url":"https:\/\/cryospain.com\/es\/","name":"Cryospain","description":"High-end Engineering at low temperatures","publisher":{"@id":"https:\/\/cryospain.com\/es\/#organization"},"potentialAction":[{"@type":"SearchAction","target":{"@type":"EntryPoint","urlTemplate":"https:\/\/cryospain.com\/es\/?s={search_term_string}"},"query-input":{"@type":"PropertyValueSpecification","valueRequired":true,"valueName":"search_term_string"}}],"inLanguage":"de"},{"@type":"Organization","@id":"https:\/\/cryospain.com\/es\/#organization","name":"Cryospain","url":"https:\/\/cryospain.com\/es\/","logo":{"@type":"ImageObject","inLanguage":"de","@id":"https:\/\/cryospain.com\/es\/#\/schema\/logo\/image\/","url":"https:\/\/cryospain.com\/wp-content\/uploads\/2023\/07\/logo-cryospain-696-696-yoast.png","contentUrl":"https:\/\/cryospain.com\/wp-content\/uploads\/2023\/07\/logo-cryospain-696-696-yoast.png","width":696,"height":696,"caption":"Cryospain"},"image":{"@id":"https:\/\/cryospain.com\/es\/#\/schema\/logo\/image\/"},"sameAs":["https:\/\/www.linkedin.com\/company\/cryospain\/","https:\/\/www.youtube.com\/@cryospain"]}]}},"_links":{"self":[{"href":"https:\/\/cryospain.com\/de\/wp-json\/wp\/v2\/pages\/22856","targetHints":{"allow":["GET"]}}],"collection":[{"href":"https:\/\/cryospain.com\/de\/wp-json\/wp\/v2\/pages"}],"about":[{"href":"https:\/\/cryospain.com\/de\/wp-json\/wp\/v2\/types\/page"}],"author":[{"embeddable":true,"href":"https:\/\/cryospain.com\/de\/wp-json\/wp\/v2\/users\/1"}],"replies":[{"embeddable":true,"href":"https:\/\/cryospain.com\/de\/wp-json\/wp\/v2\/comments?post=22856"}],"version-history":[{"count":1,"href":"https:\/\/cryospain.com\/de\/wp-json\/wp\/v2\/pages\/22856\/revisions"}],"predecessor-version":[{"id":22857,"href":"https:\/\/cryospain.com\/de\/wp-json\/wp\/v2\/pages\/22856\/revisions\/22857"}],"wp:attachment":[{"href":"https:\/\/cryospain.com\/de\/wp-json\/wp\/v2\/media?parent=22856"}],"curies":[{"name":"wp","href":"https:\/\/api.w.org\/{rel}","templated":true}]}}