{"id":22882,"date":"2022-04-01T17:14:07","date_gmt":"2022-04-01T15:14:07","guid":{"rendered":"https:\/\/cryospain.com\/hseq-politik"},"modified":"2023-03-16T11:45:19","modified_gmt":"2023-03-16T09:45:19","slug":"hseq-politik","status":"publish","type":"page","link":"https:\/\/cryospain.com\/de\/hseq-politik","title":{"rendered":"HSEQ-politik"},"content":{"rendered":"\n<p><\/p>\n\n<p>[et_pb_section admin_label=&#8220;section&#8220;]<br\/>[et_pb_row admin_label=&#8220;row&#8220;]<br\/>[et_pb_column type=&#8220;4_4&#8243;][et_pb_text admin_label=&#8220;Text&#8220;]<\/p>\n\n<h2 class=\"wp-block-heading\" id=\"h-quality-environmental-and-occupational-health-and-safety-management-system\"><strong><strong>Qualit\u00e4tspolitik, Umwelt und sicherheit und gesundheit am Arbeitsplatz<\/strong><\/strong><\/h2>\n\n<p><\/p>\n<p>Die Gesch\u00e4ftsf\u00fchrung von <strong>CRYOSPAIN S.L.<\/strong> garantiert in ihrem Bestreben, die Erbringung der von ihr angebotenen Dienstleistungen zu gew\u00e4hrleisten und sich der Bedeutung von Umwelt und Arbeitssicherheit bewusst zu sein, und dass die Aktivit\u00e4ten, die sie entwickelt, die Umwelt ver\u00e4ndern und\/oder sch\u00e4digen k\u00f6nnen. Die Sicherheit und Gesundheit der Arbeitnehmer und der Dritten, die sich in den Einrichtungen befinden, und die sich m\u00f6glicherweise in der Umgebung aufhalten, werden ebenfalls garantiert. Dies hat die Entwicklung eines <strong>Qualit\u00e4tsmanagementsystems bestimmt,<\/strong> Umwelt und Sicherheit und Gesundheit am Arbeitsplatz in seine T\u00e4tigkeit zu integrieren und auf der Grundlage der<br \/>\nAnforderungen der Normen <strong>UNE-EN ISO 9001:2015, UNE-EN ISO 14001:2015<\/strong> und <strong>UNE-EN ISO 45001:2018,<\/strong> f\u00fcr die folgenden T\u00e4tigkeiten zu agieren:<\/p>\n\n<figure class=\"wp-block-pullquote\"><blockquote><p>Design und Herstellung von Ger\u00e4ten und Installationen wie z. B. atmosph\u00e4rische Kryotanks mit flachem Boden, vakuumisolierte und\/oder kryogene Rohrleitungen, Drucktanks und kundenspezifische Kryoanlagen.<br\/><br\/>Reparatur, Wartung und Installation von Kryo- oder Vakuumausr\u00fcstung wie Beh\u00e4ltern, Tanks, Pumpen und Kryoanlagen.<\/p><\/blockquote><\/figure><p>Das Qualit\u00e4ts-, Umwelt- und Arbeitsschutzmanagementsystem der <strong>CRYOSPAIN S.L.<\/strong> Es steht f\u00fcr eine Verbesserung, die die Zufriedenheit der Kunden und die absolute Kontrolle \u00fcber die durchgef\u00fchrten Aktivit\u00e4ten, die Auswirkungen auf Umwelt und Gesundheit und Sicherheit am Arbeitsplatz, im Rahmen der M\u00f6glichkeiten des Unternehmens pflegt, als Ziel zu verfolgen.<\/p>\n\n<p><strong>Die Qualit\u00e4ts-, Umwelt- und Arbeitsschutzpolitik von CRYOSPAIN S.L. <\/strong>basiert auf der Grundlage der folgenden Verpflichtungen:<\/p>\n\n<p><\/p>\n\n<ul class=\"wp-block-list\">\n<li><strong>Engagement seitens des Managements f\u00fcr die korrekte Umsetzung des Managementsystems Qualit\u00e4t, Umwelt und Sicherheit und Gesundheit bei der Arbeit und die kontinuierliche Verbesserung der Leistung, Ergebnisse und Effektivit\u00e4t.<\/strong><\/li>\n\n\n\n<li><strong>Verpflichtung zur Einhaltung aller Anforderungen, ob gesetzlich, vertraglich oder sonstiger Art, die aufgrund unserer T\u00e4tigkeit auf uns zutreffen,<\/strong> so dass unsere Ma\u00dfnahmen in keinem Fall gegen die festgelegten Anforderungen und Spezifikationen versto\u00dfen d\u00fcrfen.<\/li>\n\n\n\n<li><strong>Verpflichtung, unsere Arbeit in einem Managementumfeld auszuf\u00fchren, das kontinuierliche Verbesserung unserer Prozesse garantiert <\/strong>und unsere Vorgehensweisen und unsere Beziehungen zu interessierten Parteien, durch die Einrichtung, Einhaltung und regelm\u00e4\u00dfige \u00dcberpr\u00fcfung unserer Qualit\u00e4ts-, Umwelt- und Arbeitsschutzziele und der Besch\u00e4ftigung der besten verf\u00fcgbaren wirtschaftlich und tragf\u00e4higen Technologien garantiert.<\/li>\n\n\n\n<li><strong>Verpflichtung zum Schutz der Umwelt <\/strong>und unserer Umgebung durch gezielte Ma\u00dfnahmen zur Vermeidung jeglicher Art von Kontamination, die durch den Betrieb durch unsere T\u00e4tigkeit und zum nachhaltigen Umgang mit Ressourcen entstehen k\u00f6nnte.<\/li>\n\n\n\n<li><strong>Verpflichtung zur Bereitstellung sicherer und gesunder Arbeitsbedingungen f\u00fcr die Verh\u00fctung von Sch\u00e4den und Verschlechterung der Gesundheit.<\/strong><\/li>\n\n\n\n<li><strong>Verpflichtung zur Beseitigung von Gefahren und zur Verringerung von Risiken f\u00fcr Sicherheit und Gesundheit in der Arbeit.<\/strong><\/li>\n\n\n\n<li><strong>Verpflichtung zur F\u00f6rderung der Kommunikation, des Verst\u00e4ndnisses und der Verbreitung unserer Datenschutzrichtlinie, Qualit\u00e4t, Umwelt und Sicherheit und Gesundheit am Arbeitsplatz innerhalb der Organisation,<\/strong> durch kontinuierliche Schulung und Kommunikation aller Menschen, Organisation oder in deren Auftrag, die f\u00fcr sie arbeiten.<\/li>\n\n\n\n<li>Verpflichtung zur F\u00f6rderung der Anh\u00f6rung und Beteiligung der Arbeitnehmer.<\/li>\n\n\n\n<li><strong>Verpflichtung, unsere Datenschutzrichtlinie interessierten Parteien von Qualit\u00e4t, Umwelt und Sicherheit und Gesundheit bei der Arbeit \u00f6ffentlich zug\u00e4nglich zu machen.<\/strong><\/li>\n\n\n\n<li><strong>Verpflichtung zur Einhaltung der folgenden Grunds\u00e4tze in Bezug auf die Risikopr\u00e4vention bei der Arbeit:<\/strong>\n<ul class=\"wp-block-list\">\n<li>Die Gesundheit und Sicherheit der Arbeitnehmer tr\u00e4gt zur Ausf\u00fchrung unserer Gesch\u00e4ftst\u00e4tigkeit bei, Erhaltung und Entwicklung physischer und menschlicher Ressourcen und Reduzierung von Verlusten und gesetzliche Verantwortlichkeiten, die sich aus der Verwirklichung von Berufsrisiken ergeben.<\/li>\n\n\n\n<li>Vorbeugende Ma\u00dfnahmen zielen darauf ab, Risiken zu vermeiden und diejenigen zu bewerten, die nicht m\u00f6glich sind zu l\u00f6schen.<\/li>\n\n\n\n<li>Die Bestimmung der vorbeugenden Ma\u00dfnahmen wird versucht, auf die Herkunft der einzuwirkenden Risiken und gegebenenfalls den kollektiven Schutz vor den individuellen Schutz zu stellen und die Risiken zu pr\u00fcfen, die dies implizieren k\u00f6nnte und nur angenommen werden darf, wenn das Ausma\u00df der genannten Risiken wesentlich niedriger als die, die kontrolliert werden sollen, und bei fehlenden sichereren Alternativen, ist.<\/li>\n\n\n\n<li>Die Auswahl der Ausr\u00fcstung sowie der Arbeits- und Produktionsmethoden erfolgt unter besonderer Ber\u00fccksichtigung durch Verringerung monotoner und sich wiederholender Arbeit und Verringerung ihrer Auswirkungen auf die Gesundheit der Arbeitnehmer und Arbeitskr\u00e4fte.<\/li>\n\n\n\n<li>Die Pr\u00e4ventionsplanung wird nach einer zusammenh\u00e4ngenden Einheit gesucht, die die Technik und die Organisation von Arbeit, Arbeitsbedingungen, sozialen Beziehungen und dem Einfluss von Umweltfaktoren auf Arbeit integriert.<\/li>\n\n\n\n<li>Nur Arbeitnehmer, die ausreichende Informationen erhalten haben, k\u00f6nnen einen Bereich mit strengem und spezifischem Risiko betreten. <\/li>\n\n\n\n<li>Bevor Sie einen Arbeitnehmer mit einer Aufgabe vetraut machen, ist dessen berufliche Leistungsf\u00e4higkeit bzgl Sicherheit und Gesundheit, um sie entwickeln zu k\u00f6nnen, zu bewerten. <\/li>\n\n\n\n<li>Bei der Bewertung der Gef\u00e4hrlichkeit der Prozesse, sollten die Folgen, die m\u00f6gliche Ablenkungen oder leichtfertige Fahrl\u00e4ssigkeit der Arbeiter begehen k\u00f6nnten, bewertet werden. <\/li>\n\n\n\n<li>Die in den geltenden Vorschriften angegebene Einhaltung und die in jedem Fall erreichbare Sicherheitsstandards nach dem Stand der Technik werden gew\u00e4hrleistet.<\/li>\n\n\n\n<li>Arbeitnehmer haben das Recht, sich aktiv an Pr\u00e4ventionsfragen bzgl. den Risiken bei der Arbeit zu beteiligen. Daf\u00fcr stehen die etablierten repr\u00e4sentativen Kan\u00e4le zur Verf\u00fcgung, die gesetzlich in Kapitel V des Gesetzes zur Verh\u00fctung von Arbeitsrisiken regsitriert sind. <\/li>\n<\/ul>\n<\/li>\n<\/ul>\n\n<p><\/p>\n\n<p>Review of the Quality, Environment and Occupational Health and Safety Policy shall be carried out within the framework of system reviews by the Management in order to ensure that it remains relevant and appropriate for the organization.<\/p>\n\n<p><\/p>\n<p>[\/et_pb_text][\/et_pb_column] [\/et_pb_row] [\/et_pb_section]<\/p>\n<span class=\"et_bloom_bottom_trigger\"><\/span>","protected":false},"excerpt":{"rendered":"<p>[et_pb_section admin_label=&#8220;section&#8220;][et_pb_row admin_label=&#8220;row&#8220;][et_pb_column type=&#8220;4_4&#8243;][et_pb_text admin_label=&#8220;Text&#8220;] Qualit\u00e4tspolitik, Umwelt und sicherheit und gesundheit am Arbeitsplatz Die Gesch\u00e4ftsf\u00fchrung von CRYOSPAIN S.L. garantiert in ihrem Bestreben, die Erbringung der von ihr angebotenen Dienstleistungen zu gew\u00e4hrleisten und sich der Bedeutung von Umwelt und Arbeitssicherheit bewusst zu sein, und dass die Aktivit\u00e4ten, die sie entwickelt, die Umwelt ver\u00e4ndern und\/oder sch\u00e4digen k\u00f6nnen. [&hellip;]<\/p>\n","protected":false},"author":1,"featured_media":0,"parent":0,"menu_order":0,"comment_status":"closed","ping_status":"closed","template":"","meta":{"_et_pb_use_builder":"off","_et_pb_old_content":"","_et_gb_content_width":"","footnotes":""},"class_list":["post-22882","page","type-page","status-publish","hentry"],"yoast_head":"<!-- This site is optimized with the Yoast SEO Premium plugin v27.4 (Yoast SEO v27.4) - https:\/\/yoast.com\/product\/yoast-seo-premium-wordpress\/ -->\n<title>Cryospain | HSEQ-politik<\/title>\n<meta name=\"description\" content=\"Ein in die T\u00e4tigkeit von Cryospain integriertes Qualit\u00e4ts-, Umwelt-, Arbeitsschutz- und Sicherheitsmanagementsystem\" \/>\n<meta name=\"robots\" content=\"index, follow, max-snippet:-1, max-image-preview:large, max-video-preview:-1\" \/>\n<link rel=\"canonical\" href=\"https:\/\/cryospain.com\/de\/hseq-politik\" \/>\n<meta property=\"og:locale\" content=\"de_DE\" \/>\n<meta property=\"og:type\" content=\"article\" \/>\n<meta property=\"og:title\" content=\"HSEQ-politik\" \/>\n<meta property=\"og:description\" content=\"Ein in die T\u00e4tigkeit von Cryospain integriertes Qualit\u00e4ts-, Umwelt-, Arbeitsschutz- und Sicherheitsmanagementsystem\" \/>\n<meta property=\"og:url\" content=\"https:\/\/cryospain.com\/de\/hseq-politik\" \/>\n<meta property=\"og:site_name\" content=\"Cryospain\" \/>\n<meta property=\"article:modified_time\" content=\"2023-03-16T09:45:19+00:00\" \/>\n<meta name=\"twitter:card\" content=\"summary_large_image\" \/>\n<meta name=\"twitter:label1\" content=\"Gesch\u00e4tzte Lesezeit\" \/>\n\t<meta name=\"twitter:data1\" content=\"5 Minute\" \/>\n<script type=\"application\/ld+json\" class=\"yoast-schema-graph\">{\"@context\":\"https:\\\/\\\/schema.org\",\"@graph\":[{\"@type\":\"WebPage\",\"@id\":\"https:\\\/\\\/cryospain.com\\\/de\\\/hseq-politik\",\"url\":\"https:\\\/\\\/cryospain.com\\\/de\\\/hseq-politik\",\"name\":\"Cryospain | HSEQ-politik\",\"isPartOf\":{\"@id\":\"https:\\\/\\\/cryospain.com\\\/es\\\/#website\"},\"datePublished\":\"2022-04-01T15:14:07+00:00\",\"dateModified\":\"2023-03-16T09:45:19+00:00\",\"description\":\"Ein in die T\u00e4tigkeit von Cryospain integriertes Qualit\u00e4ts-, Umwelt-, Arbeitsschutz- und Sicherheitsmanagementsystem\",\"breadcrumb\":{\"@id\":\"https:\\\/\\\/cryospain.com\\\/de\\\/hseq-politik#breadcrumb\"},\"inLanguage\":\"de\",\"potentialAction\":[{\"@type\":\"ReadAction\",\"target\":[\"https:\\\/\\\/cryospain.com\\\/de\\\/hseq-politik\"]}]},{\"@type\":\"BreadcrumbList\",\"@id\":\"https:\\\/\\\/cryospain.com\\\/de\\\/hseq-politik#breadcrumb\",\"itemListElement\":[{\"@type\":\"ListItem\",\"position\":1,\"name\":\"Portada\",\"item\":\"https:\\\/\\\/cryospain.com\\\/de\"},{\"@type\":\"ListItem\",\"position\":2,\"name\":\"HSEQ-politik\"}]},{\"@type\":\"WebSite\",\"@id\":\"https:\\\/\\\/cryospain.com\\\/es\\\/#website\",\"url\":\"https:\\\/\\\/cryospain.com\\\/es\\\/\",\"name\":\"Cryospain\",\"description\":\"High-end Engineering at low temperatures\",\"publisher\":{\"@id\":\"https:\\\/\\\/cryospain.com\\\/es\\\/#organization\"},\"potentialAction\":[{\"@type\":\"SearchAction\",\"target\":{\"@type\":\"EntryPoint\",\"urlTemplate\":\"https:\\\/\\\/cryospain.com\\\/es\\\/?s={search_term_string}\"},\"query-input\":{\"@type\":\"PropertyValueSpecification\",\"valueRequired\":true,\"valueName\":\"search_term_string\"}}],\"inLanguage\":\"de\"},{\"@type\":\"Organization\",\"@id\":\"https:\\\/\\\/cryospain.com\\\/es\\\/#organization\",\"name\":\"Cryospain\",\"url\":\"https:\\\/\\\/cryospain.com\\\/es\\\/\",\"logo\":{\"@type\":\"ImageObject\",\"inLanguage\":\"de\",\"@id\":\"https:\\\/\\\/cryospain.com\\\/es\\\/#\\\/schema\\\/logo\\\/image\\\/\",\"url\":\"https:\\\/\\\/cryospain.com\\\/wp-content\\\/uploads\\\/2023\\\/07\\\/logo-cryospain-696-696-yoast.png\",\"contentUrl\":\"https:\\\/\\\/cryospain.com\\\/wp-content\\\/uploads\\\/2023\\\/07\\\/logo-cryospain-696-696-yoast.png\",\"width\":696,\"height\":696,\"caption\":\"Cryospain\"},\"image\":{\"@id\":\"https:\\\/\\\/cryospain.com\\\/es\\\/#\\\/schema\\\/logo\\\/image\\\/\"},\"sameAs\":[\"https:\\\/\\\/www.linkedin.com\\\/company\\\/cryospain\\\/\",\"https:\\\/\\\/www.youtube.com\\\/@cryospain\"]}]}<\/script>\n<!-- \/ Yoast SEO Premium plugin. -->","yoast_head_json":{"title":"Cryospain | HSEQ-politik","description":"Ein in die T\u00e4tigkeit von Cryospain integriertes Qualit\u00e4ts-, Umwelt-, Arbeitsschutz- und Sicherheitsmanagementsystem","robots":{"index":"index","follow":"follow","max-snippet":"max-snippet:-1","max-image-preview":"max-image-preview:large","max-video-preview":"max-video-preview:-1"},"canonical":"https:\/\/cryospain.com\/de\/hseq-politik","og_locale":"de_DE","og_type":"article","og_title":"HSEQ-politik","og_description":"Ein in die T\u00e4tigkeit von Cryospain integriertes Qualit\u00e4ts-, Umwelt-, Arbeitsschutz- und Sicherheitsmanagementsystem","og_url":"https:\/\/cryospain.com\/de\/hseq-politik","og_site_name":"Cryospain","article_modified_time":"2023-03-16T09:45:19+00:00","twitter_card":"summary_large_image","twitter_misc":{"Gesch\u00e4tzte Lesezeit":"5 Minute"},"schema":{"@context":"https:\/\/schema.org","@graph":[{"@type":"WebPage","@id":"https:\/\/cryospain.com\/de\/hseq-politik","url":"https:\/\/cryospain.com\/de\/hseq-politik","name":"Cryospain | HSEQ-politik","isPartOf":{"@id":"https:\/\/cryospain.com\/es\/#website"},"datePublished":"2022-04-01T15:14:07+00:00","dateModified":"2023-03-16T09:45:19+00:00","description":"Ein in die T\u00e4tigkeit von Cryospain integriertes Qualit\u00e4ts-, Umwelt-, Arbeitsschutz- und Sicherheitsmanagementsystem","breadcrumb":{"@id":"https:\/\/cryospain.com\/de\/hseq-politik#breadcrumb"},"inLanguage":"de","potentialAction":[{"@type":"ReadAction","target":["https:\/\/cryospain.com\/de\/hseq-politik"]}]},{"@type":"BreadcrumbList","@id":"https:\/\/cryospain.com\/de\/hseq-politik#breadcrumb","itemListElement":[{"@type":"ListItem","position":1,"name":"Portada","item":"https:\/\/cryospain.com\/de"},{"@type":"ListItem","position":2,"name":"HSEQ-politik"}]},{"@type":"WebSite","@id":"https:\/\/cryospain.com\/es\/#website","url":"https:\/\/cryospain.com\/es\/","name":"Cryospain","description":"High-end Engineering at low temperatures","publisher":{"@id":"https:\/\/cryospain.com\/es\/#organization"},"potentialAction":[{"@type":"SearchAction","target":{"@type":"EntryPoint","urlTemplate":"https:\/\/cryospain.com\/es\/?s={search_term_string}"},"query-input":{"@type":"PropertyValueSpecification","valueRequired":true,"valueName":"search_term_string"}}],"inLanguage":"de"},{"@type":"Organization","@id":"https:\/\/cryospain.com\/es\/#organization","name":"Cryospain","url":"https:\/\/cryospain.com\/es\/","logo":{"@type":"ImageObject","inLanguage":"de","@id":"https:\/\/cryospain.com\/es\/#\/schema\/logo\/image\/","url":"https:\/\/cryospain.com\/wp-content\/uploads\/2023\/07\/logo-cryospain-696-696-yoast.png","contentUrl":"https:\/\/cryospain.com\/wp-content\/uploads\/2023\/07\/logo-cryospain-696-696-yoast.png","width":696,"height":696,"caption":"Cryospain"},"image":{"@id":"https:\/\/cryospain.com\/es\/#\/schema\/logo\/image\/"},"sameAs":["https:\/\/www.linkedin.com\/company\/cryospain\/","https:\/\/www.youtube.com\/@cryospain"]}]}},"_links":{"self":[{"href":"https:\/\/cryospain.com\/de\/wp-json\/wp\/v2\/pages\/22882","targetHints":{"allow":["GET"]}}],"collection":[{"href":"https:\/\/cryospain.com\/de\/wp-json\/wp\/v2\/pages"}],"about":[{"href":"https:\/\/cryospain.com\/de\/wp-json\/wp\/v2\/types\/page"}],"author":[{"embeddable":true,"href":"https:\/\/cryospain.com\/de\/wp-json\/wp\/v2\/users\/1"}],"replies":[{"embeddable":true,"href":"https:\/\/cryospain.com\/de\/wp-json\/wp\/v2\/comments?post=22882"}],"version-history":[{"count":7,"href":"https:\/\/cryospain.com\/de\/wp-json\/wp\/v2\/pages\/22882\/revisions"}],"predecessor-version":[{"id":29045,"href":"https:\/\/cryospain.com\/de\/wp-json\/wp\/v2\/pages\/22882\/revisions\/29045"}],"wp:attachment":[{"href":"https:\/\/cryospain.com\/de\/wp-json\/wp\/v2\/media?parent=22882"}],"curies":[{"name":"wp","href":"https:\/\/api.w.org\/{rel}","templated":true}]}}