{"id":23571,"date":"2022-04-05T19:51:03","date_gmt":"2022-04-05T17:51:03","guid":{"rendered":"https:\/\/cryospain.com\/cookie-richtlinie"},"modified":"2025-11-16T21:36:05","modified_gmt":"2025-11-16T19:36:05","slug":"cookie-richtlinie","status":"publish","type":"page","link":"https:\/\/cryospain.com\/de\/cookie-richtlinie","title":{"rendered":"Cookie-Richtlinie"},"content":{"rendered":"<p>[et_pb_section admin_label=&#8220;section&#8220;]<br \/>\n\t\t\t[et_pb_row admin_label=&#8220;row&#8220;]<br \/>\n\t\t\t\t[et_pb_column type=&#8220;4_4&#8243;][et_pb_text admin_label=&#8220;Text&#8220;]<\/p>\n<div style=\"height:51px\" aria-hidden=\"true\" class=\"wp-block-spacer\"><\/div>\n<h3 id=\"h-1-que-son-las-cookies\">1. <strong>Was sind Cookies?<\/strong><\/h3>\n<p>Ein \u201eCookie\u201c ist eine kleine Datei, die auf dem Computer des Nutzers gespeichert wird und uns erm\u00f6glicht, ihn wiederzuerkennen. Der Satz von \u201eCookies\u201c hilft uns, die Qualit\u00e4t unserer Website zu verbessern, wodurch wir die Navigation jedes Benutzers durch unsere Website bis zu einem gewissen Grad personalisieren k\u00f6nnen. Cookies sind derzeit f\u00fcr das Funktionieren des Internets unerl\u00e4sslich, bieten unz\u00e4hlige Vorteile bei der Bereitstellung interaktiver Dienste und erleichtern die Navigation und Benutzerfreundlichkeit unserer Website. <\/p>\n<p>Die Domain <a href=\"http:\/\/www.cryospain.com\">www.cryospain.com<\/a>verwendet automatische Erfassungsverfahren (Cookies), um pers\u00f6nliche Informationen wie Browsertyp oder Betriebssystem, Verweisseite, Route, ISP (Internet Provider)-Domain usw. zu sammeln. alles zur Verbesserung der angebotenen Dienstleistungen. Cookies helfen uns, diese Website an Ihre pers\u00f6nlichen Bed\u00fcrfnisse anzupassen.<\/p>\n<p>Denken Sie daran, dass Cookies Ihrem Computer keinen Schaden zuf\u00fcgen k\u00f6nnen und dass uns ihre Aktivierung im Gegenzug dabei hilft, Fehler zu erkennen und zu beheben und die Navigation auf unserer Website zu verbessern. <\/p>\n<div style=\"height:51px\" aria-hidden=\"true\" class=\"wp-block-spacer\"><\/div>\n<h3 id=\"h-2-que-tipos-de-cookies-hay\">2. <strong>Welche Arten von Cookies gibt es?<\/strong><\/h3>\n<p>F\u00fcr weitere Benutzerinformationen \u00fcber die Art und Verwendung von Cookies teilen wir Ihnen Folgendes mit: <\/p>\n<ol type=\"1\">\n<li>Unter dem Gesichtspunkt <strong>der \u201eLebensdauer\u201c des Cookies <\/strong>(Zeit, die das Cookie auf unserem Computer aktiv bleibt) k\u00f6nnen wir Cookies unterscheiden zwischen:\n<ul>\n<li><strong>Sitzungscookies:<\/strong> Dies sind tempor\u00e4re Cookies, die in der Cookie-Datei Ihres Browsers verbleiben, bis Sie die Webseite verlassen, sodass keines davon auf der Festplatte des Benutzers gespeichert wird. Die durch diese Cookies erhaltenen Informationen werden verwendet, um Verkehrsmuster im Internet zu analysieren. Letztendlich erm\u00f6glicht uns dies, ein besseres Erlebnis zu bieten, indem wir den Inhalt verbessern und die Nutzung vereinfachen. <\/li>\n<li><strong>Permanente Cookies:<\/strong> Sie werden auf der Festplatte gespeichert und unsere Website liest sie bei jedem neuen Besuch. Ein permanentes Cookie hat ein bestimmtes Ablaufdatum. Das Cookie funktioniert nach diesem Datum nicht mehr. Wir verwenden sie im Allgemeinen, um Kauf- und Registrierungsdienste zu erleichtern. <\/li>\n<\/ul>\n<\/li>\n<li>Unter dem Gesichtspunkt <strong>der Verwendung jedes Cookies<\/strong> k\u00f6nnen wir unterscheiden zwischen:\n<ul>\n<li><strong>Erforderliche Cookies:<\/strong> Dies sind unbedingt erforderliche Cookies, wie solche, die der korrekten Navigation dienen oder solche, die die Zahlung von angeforderten Waren oder Dienstleistungen erm\u00f6glichen des Benutzers oder Cookies, die dazu dienen, dass der Inhalt der Webseite effizient geladen wird.<\/li>\n<\/ul>\n<\/li>\n<\/ol>\n<p>Innerhalb der Kategorie Erforderliche Cookies finden Sie auch Cookies mit den folgenden Zwecken: <\/p>\n<ul>\n<li>Nur die Kommunikation zwischen dem Computer des Benutzers und dem Netzwerk zulassen. <\/li>\n<li>Erbringen Sie unbedingt einen vom Benutzer ausdr\u00fccklich angeforderten Dienst. <\/li>\n<\/ul>\n<p>In diesen beiden F\u00e4llen weisen wir Sie darauf hin, dass f\u00fcr die Installation der vorgenannten Cookies keine Information und Zustimmung des Nutzers erforderlich ist. Insbesondere hat die <u>EU-Expertengruppe in Artikel 29<\/u> ihrer Stellungnahme 4\/20123 diese so ausgelegt, dass es unter den ausgenommenen Cookies solche gibt, deren Zweck darin besteht:<\/p>\n<ul>\n<li>\u201eBenutzereingabe\u201c-Cookies. <\/li>\n<li>Authentifizierungs- oder Benutzeridentifikations-Cookies (nur Sitzung).<\/li>\n<li>Benutzersicherheits-Cookies.<\/li>\n<li>Mediaplayer-Sitzungscookies.<\/li>\n<li>Sitzungscookies f\u00fcr den Lastenausgleich.<\/li>\n<li>Cookies zur Anpassung der Benutzeroberfl\u00e4che.<\/li>\n<li>Erg\u00e4nzen Sie Cookies (Plug-in), um soziale Inhalte auszutauschen.<\/li>\n<\/ul>\n<p><strong>F\u00fcr alle anderen erforderlichen Cookies, die nicht in den obigen Annahmen enthalten sind, erfordern sie vorherige Informationen und die Zustimmung des Benutzers. <\/strong><\/p>\n<ul>\n<li><strong>Funktionale Cookies:<\/strong> Dies sind Cookies, die dem Benutzer helfen, ein besseres Surferlebnis auf der Website zu haben. Ein Beispiel f\u00fcr die Verwendung dieser Art von Cookies sind Cookies, die zum Speichern der Navigationsdaten einer bestimmten Sprache verwendet werden. <\/li>\n<li><strong>Analytische Cookies:<\/strong> Dies sind Cookies, die es uns erm\u00f6glichen, die Nutzung der Website zu analysieren, damit wir ihren Betrieb messen und verbessern k\u00f6nnen. <\/li>\n<li><strong>Werbe- und Drittanbieter-Cookies:<\/strong> Dies sind die Cookies, die von sozialen Netzwerken oder von externen Inhaltserg\u00e4nzungen wie Google Maps sowie Cookies von Werbeunternehmen verwendet werden, um Anzeigen zu ver\u00f6ffentlichen, die Ihren Interessen entsprechen. <\/li>\n<\/ul>\n<p>CRYOSPAIN, S.L. speichert alle durch Cookies gesammelten Informationen in einem nicht angepassten Format (IP-Adresse). Diese Art von Informationen, die durch Cookies erhalten werden, werden nicht au\u00dferhalb von CRYOSPAIN, S.L. weitergegeben oder f\u00fcr unerbetene Mitteilungen verwendet. <\/p>\n<div style=\"height:51px\" aria-hidden=\"true\" class=\"wp-block-spacer\"><\/div>\n<h3 id=\"h-3-como-se-gestionan-las-cookies\">3. <strong>Wie werden Cookies verwaltet?<\/strong><\/h3>\n<p>Falls der Benutzer es w\u00fcnscht, kann die Registrierung von Cookies von der Annahme w\u00e4hrend der Installation oder Aktualisierung des verwendeten Browsers abh\u00e4ngig gemacht werden. Der Benutzer kann seine Zustimmung jederzeit \u00fcber die in jedem Browser verf\u00fcgbaren Inhalts- und Datenschutzkonfigurationsoptionen widerrufen. Wenn der Benutzer jedoch die Installation von Cookies in seinem Browser nicht zul\u00e4sst, kann er m\u00f6glicherweise auf keinen der Bereiche unserer Website zugreifen. <\/p>\n<p>F\u00fcr weitere Informationen zur angemessenen Konfiguration von Cookies und den Aktivierungs-, Einschr\u00e4nkungs- und\/oder Deaktivierungsoptionen sollten Sie den Hilfebereich Ihres Browsers aufrufen, um mehr zu erfahren: <\/p>\n<ul>\n<li>Weitere Informationen zum Blockieren der Verwendung von Cookies in Google Chrome <a href=\"https:\/\/support.google.com\/chrome\/answer\/95647?hl=es\">Google Chrome<\/a><\/li>\n<li>Mehr Informationen zum Blockieren der Verwendung von Cookies in Firefox <a href=\"http:\/\/support.mozilla.org\/es\/kb\/habilitar-y-deshabilitar-cookies-que-los-sitios-we?esab=a&amp;s=cookies&amp;r=7&amp;as=s\">Firefox<\/a><\/li>\n<li>Weitere Informationen zum Blockieren der Verwendung von Cookies in Internet Explorer\u00a0<a href=\"http:\/\/windows.microsoft.com\/es-es\/windows7\/how-to-manage-cookies-in-internet-explorer-9\">Internet Explorer<\/a><\/li>\n<li>Weitere Informationen zum Blockieren der Verwendung von Cookies in Safari\u00a0<a href=\"http:\/\/support.apple.com\/kb\/HT1677?viewlocale=es_ES\">Safari<\/a><\/li>\n<li>Weitere Informationen zum Blockieren der Verwendung von Cookies cookies auf Blackberry <a href=\"http:\/\/docs.blackberry.com\/en\/smartphone_users\/deliverables\/32004\/Turn_off_cookies_in_the_browser_60_1072866_11.jsp\">Blackberry<\/a><\/li>\n<li>Weitere Informationen zum Blockieren der Verwendung von Cookies auf WindowsPhone\u00a0<a href=\"http:\/\/www.windowsphone.com\/en-us\/how-to\/wp7\/web\/changing-privacy-and-other-browser-settings\">WindowsPhone<\/a><\/li>\n<\/ul>\n<p>Viele Browser bieten Ihnen die M\u00f6glichkeit, einen privaten Modus zu aktivieren, durch den Cookies nach Ihrem Besuch immer gel\u00f6scht werden. Je nach Browser kann dieser private Modus unterschiedliche Namen haben. Nachfolgend finden Sie eine Auflistung der g\u00e4ngigsten Browser und die unterschiedlichen Bezeichnungen dieses \u201ePrivatsph\u00e4re-Modus\u201c.<\/p>\n<ul>\n<li>Internet Explorer 8 und h\u00f6her; InPrivate <\/li>\n<li>Safari 2 und h\u00f6her; Privates Surfen <\/li>\n<li>Opera 10.5 und h\u00f6her; Privates Surfen <\/li>\n<li>FireFox 3.5 und h\u00f6her; Privates Surfen <\/li>\n<li>Google Chrome 10 und h\u00f6her; Inkognito <\/li>\n<\/ul>\n<div style=\"height:51px\" aria-hidden=\"true\" class=\"wp-block-spacer\"><\/div>\n<h3 id=\"h-4-cuales-son-las-cookies-usadas-en-este-sitio-web\">4. <strong>Welche Cookies werden auf dieser Website verwendet?<\/strong><\/h3>\n<p>Cryospain verwendet technische, Personalisierungs- und Analyse-Cookies, eigene und die von Drittanbietern, die Verbindungs- und\/oder Ger\u00e4tedaten sowie Surfgewohnheiten f\u00fcr statistische Zwecke erfassen. <\/p>\n<p>Daher haben wir Sie beim Zugriff auf unsere Website gem\u00e4\u00df Artikel 22 des Gesetzes \u00fcber Dienste der Informationsgesellschaft um Ihre Zustimmung zu deren Verwendung gebeten. <\/p>\n<p>Die Bereitstellung personenbezogener Daten \u00fcber unser Portal und die Zustimmung zur Verwendung von Cookies erfordert ein Mindestalter von 14 Jahren und die ausdr\u00fcckliche Zustimmung zu unserer Datenschutzerkl\u00e4rung. <\/p>\n<p>Die Tabellen, die wir unten ver\u00f6ffentlichen, sammeln schematisch die zuvor beschriebenen und auf der Website von CRYOSPAIN, S.L. verwendeten Cookies.<\/p>\n<figure class=\"wp-block-table\">\n<table>\n<tbody>\n<tr>\n<td><strong>Cookie-Name<\/strong><\/td>\n<td><strong>Cookie-Domain<\/strong><\/td>\n<td><strong>L\u00e4uft ab (durchg\u00e4ngige Session)<\/strong><\/td>\n<td><strong>Verwendung von Cookies (Erforderlich-Funktionale-Analyse-Drittanbieter\/Werbung)<\/strong><\/td>\n<\/tr>\n<tr>\n<td><strong>_utma<\/strong><\/td>\n<td>cryospain.com<\/td>\n<td>2 Jahre<\/td>\n<td>Analytische Cookies (Google Analytics): Speichert die Anzahl der Besuche jedes Benutzers, die Zeit des ersten Besuchs, des vorherigen Besuchs und des aktuellen Besuchs.<\/td>\n<\/tr>\n<tr>\n<td><strong>_utmb<\/strong><\/td>\n<td>cryospain.com<\/td>\n<td>Session<\/td>\n<td>Analytische Cookies (Google Analytics): Wird verwendet, um ungef\u00e4hr zu \u00fcberpr\u00fcfen, wie lange Sie auf einer Website bleiben<\/td>\n<\/tr>\n<tr>\n<td><strong>_utmc<\/strong><\/td>\n<td>cryospain.com<\/td>\n<td>Session<\/td>\n<td>Analytische Cookies (Google Analytics): Wird verwendet, um ungef\u00e4hr zu \u00fcberpr\u00fcfen, wie lange Sie auf einer Website bleiben<\/td>\n<\/tr>\n<tr>\n<td><strong>_utmz<\/strong><\/td>\n<td>cryospain.com<\/td>\n<td>6 Monate<\/td>\n<td>Analytische Cookies (Google Analytics): Websites, von denen ein Besucher kam (Suchmaschine, Suchbegriff, Link)<\/td>\n<\/tr>\n<tr>\n<td><strong>_ga<\/strong><\/td>\n<td>cryospain.com<\/td>\n<td>2 Jahre<\/td>\n<td>Analytische Cookies (Google Analytics): Verwendet eine anonyme Kennung um anonyme Benutzer zu unterscheiden und Analysen zu Benutzerinteraktionen in der Anwendung durchzuf\u00fchren, um die angebotenen Dienste zu optimieren<\/td>\n<\/tr>\n<tr>\n<td><strong>_gat<\/strong><\/td>\n<td>cryospain.com<\/td>\n<td>10 minutos nach Erstellung oder \u00e4nderung<\/td>\n<td>Analytische Cookies (Google Analytics): Wird verwendet, um zwischen den verschiedenen Tracking-Objekten zu unterscheiden, die in der Anwendung erstellt wurden. Das Cookie wird beim Laden der Javascript-Bibliothek erstellt und es gibt keine fr\u00fchere Version des _gat-Cookies. Das Cookie wird jedes Mal aktualisiert, wenn Sie Daten an Google Analytics senden.<\/td>\n<\/tr>\n<tr>\n<td><strong>_icl_current_language<\/strong><\/td>\n<td>cryospain.com<\/td>\n<td>1 Tag<\/td>\n<td>Kontrolle der Sprache des Benutzers in der Web<\/td>\n<\/tr>\n<tr>\n<td><strong>_icl_visitor_lang_js<\/strong><\/td>\n<td>cryospain.com<\/td>\n<td>1 Tag<\/td>\n<td>Session- und Anpassungscookie, das vom WPML-Plug-in\u00a0<a href=\"http:\/\/wpml.org\/\">WPML<\/a> erstellt wird und es WordPress erm\u00f6glicht, mehrsprachige Inhalte zu verarbeiten. Dieses Cookie ist daf\u00fcr verantwortlich, die Sprache des Browsers des Benutzers zu speichern, um das Web standardm\u00e4\u00dfig in der Sprache des Browsers anzuzeigen (falls es in der Webanwendung vorhanden ist).<\/td>\n<\/tr>\n<tr>\n<td><strong>clck<\/strong><\/td>\n<td>cryospain.com <\/td>\n<td>1 Jahre<\/td>\n<td>Behalten Sie die Clarity-Benutzer-ID und Einstellungen bei, die f\u00fcr diese Seite im Browser erkennbar sind. Dadurch wird sichergestellt, dass das Verhalten bei sp\u00e4teren Besuchen derselben Website dieselbe Benutzer-ID zugeordnet wird.<\/td>\n<\/tr>\n<tr>\n<td><strong>_clsk<\/strong><\/td>\n<td>cryospain.com <\/td>\n<td>1 Jahre<\/td>\n<td>Verbinden Sie mehrere von einem Benutzer angezeigte Seite mit einer einzigen Sitzungsaufzeichnung von Clarity.<\/td>\n<\/tr>\n<tr>\n<td><strong>CLID<\/strong><\/td>\n<td>cryospain.com <\/td>\n<td>1 Jahre<\/td>\n<td>Es identifiziert schon beim ersten Mal, dass Clarity diesen Benutzer auf einer Website, die Clarity verwendet hat, gesehen hat.<\/td>\n<\/tr>\n<tr>\n<td><strong>ANONCHK<\/strong><\/td>\n<td>cryospain.com <\/td>\n<td>1 Jahre<\/td>\n<td>Gibt an, ob die MUID an die ANID, ein Cookie, das f\u00fcr Werbung verwendet wird, \u00fcbertragen wird. Clarity verwendet keine ANID und ist daher immer auf 0 gesetzt.<\/td>\n<\/tr>\n<tr>\n<td><strong>MR<\/strong><\/td>\n<td>cryospain.com <\/td>\n<td>1 Jahre<\/td>\n<td>Gibt an, ob das MUID wiederhergestellt werden kann.<\/td>\n<\/tr>\n<tr>\n<td><strong>MUID<\/strong><\/td>\n<td>cryospain.com  <\/td>\n<td>1 Jahre<\/td>\n<td>Identifiziert eindeutige Browser, die Microsoft-Websites besuchen. Diese Cookies werden f\u00fcr Werbung, Website-Analysen und andere betriebliche Zwecke verwendet.<\/td>\n<\/tr>\n<tr>\n<td><strong>SM<\/strong><\/td>\n<td>cryospain.com <\/td>\n<td>1 Jahre<\/td>\n<td>Es wird verwendet, um die MUID zwischen Microsoft-Dom\u00e4nen zu synchronisieren.<\/td>\n<\/tr>\n<\/tbody>\n<\/table>\n<\/figure>\n<ul>\n<li>Um mehr \u00fcber <strong>Google Analytics-Cookies<\/strong> zu erfahren und wie Sie sie abbestellen k\u00f6nnen, besuchen Sie<br \/><a href=\"https:\/\/www.google.com\/analytics\/learn\/privacy.html?hl=es\">https:\/\/www.google.com\/analytics\/learn\/privacy.html?hl=es<\/a><\/li>\n<\/ul>\n<ul>\n<li>Weitere Informationen zu <strong>Microsoft-Cookies<\/strong> und Ihren Rechten als Benutzer finden Sie in der Microsoft-Datenschutzerkl\u00e4rung <a href=\"https:\/\/privacy.microsoft.com\/es-es\/privacystatement\" rel=\"noreferrer noopener\" target=\"_blank\">https:\/\/privacy.microsoft.com\/es-es\/privacystatement<\/a><\/li>\n<\/ul>\n<ul>\n<li>Weitere Informationen zu Cookies und Ihren Rechten als Benutzer finden Sie unter Konsultieren Sie den von der spanischen Datenschutzbeh\u00f6rde erstellten Leitfaden zur Verwendung von Cookies: <a href=\"https:\/\/www.agpd.es\/portalwebAGPD\/canaldocumentacion\/publicaciones\/common\/Guias\/Guia_Cookies.pdf\">https:\/\/www.agpd.es\/portalwebAGPD\/canaldocumentacion\/publicaciones\/common\/Guias\/Guia_Cookies.pdf<\/a><\/li>\n<\/ul>\n<div style=\"height:51px\" aria-hidden=\"true\" class=\"wp-block-spacer\"><\/div>\n<div class=\"wp-block-group\"><\/div>\n<p><\/p>\n<p>[\/et_pb_text][\/et_pb_column]<br \/>\t\t\t[\/et_pb_row]<br \/>\t\t[\/et_pb_section]<\/p>\n<span class=\"et_bloom_bottom_trigger\"><\/span>","protected":false},"excerpt":{"rendered":"<p>1. Was sind Cookies? Ein \u201eCookie\u201c ist eine kleine Datei, die auf dem Computer des Nutzers gespeichert wird und uns erm\u00f6glicht, ihn wiederzuerkennen. Der Satz von \u201eCookies\u201c hilft uns, die Qualit\u00e4t unserer Website zu verbessern, wodurch wir die Navigation jedes Benutzers durch unsere Website bis zu einem gewissen Grad personalisieren k\u00f6nnen. Cookies sind derzeit f\u00fcr [&hellip;]<\/p>\n","protected":false},"author":1,"featured_media":0,"parent":0,"menu_order":0,"comment_status":"closed","ping_status":"open","template":"","meta":{"_et_pb_use_builder":"on","_et_pb_old_content":"","_et_gb_content_width":"","footnotes":""},"class_list":["post-23571","page","type-page","status-publish","hentry"],"yoast_head":"<!-- This site is optimized with the Yoast SEO Premium plugin v27.4 (Yoast SEO v27.4) - https:\/\/yoast.com\/product\/yoast-seo-premium-wordpress\/ -->\n<title>Cryospain | High technology at low temperatures<\/title>\n<meta name=\"description\" content=\"Allgemeine Gesch\u00e4ftsbedingungen f\u00fcr die Beziehung zwischen den Nutzern von cryospain.com und Cryospain SL\" \/>\n<meta name=\"robots\" content=\"index, follow, max-snippet:-1, max-image-preview:large, max-video-preview:-1\" \/>\n<link rel=\"canonical\" href=\"https:\/\/cryospain.com\/de\/cookie-richtlinie\" \/>\n<meta property=\"og:locale\" content=\"de_DE\" \/>\n<meta property=\"og:type\" content=\"article\" \/>\n<meta property=\"og:title\" content=\"Cookie-Richtlinie\" \/>\n<meta property=\"og:description\" content=\"Allgemeine Gesch\u00e4ftsbedingungen f\u00fcr die Beziehung zwischen den Nutzern von cryospain.com und Cryospain SL\" \/>\n<meta property=\"og:url\" content=\"https:\/\/cryospain.com\/de\/cookie-richtlinie\" \/>\n<meta property=\"og:site_name\" content=\"Cryospain\" \/>\n<meta property=\"article:modified_time\" content=\"2025-11-16T19:36:05+00:00\" \/>\n<meta name=\"twitter:card\" content=\"summary_large_image\" \/>\n<meta name=\"twitter:label1\" content=\"Gesch\u00e4tzte Lesezeit\" \/>\n\t<meta name=\"twitter:data1\" content=\"7 Minute\" \/>\n<script type=\"application\/ld+json\" class=\"yoast-schema-graph\">{\"@context\":\"https:\\\/\\\/schema.org\",\"@graph\":[{\"@type\":\"WebPage\",\"@id\":\"https:\\\/\\\/cryospain.com\\\/de\\\/cookie-richtlinie\",\"url\":\"https:\\\/\\\/cryospain.com\\\/de\\\/cookie-richtlinie\",\"name\":\"Cryospain | High technology at low temperatures\",\"isPartOf\":{\"@id\":\"https:\\\/\\\/cryospain.com\\\/es\\\/#website\"},\"datePublished\":\"2022-04-05T17:51:03+00:00\",\"dateModified\":\"2025-11-16T19:36:05+00:00\",\"description\":\"Allgemeine Gesch\u00e4ftsbedingungen f\u00fcr die Beziehung zwischen den Nutzern von cryospain.com und Cryospain SL\",\"breadcrumb\":{\"@id\":\"https:\\\/\\\/cryospain.com\\\/de\\\/cookie-richtlinie#breadcrumb\"},\"inLanguage\":\"de\",\"potentialAction\":[{\"@type\":\"ReadAction\",\"target\":[\"https:\\\/\\\/cryospain.com\\\/de\\\/cookie-richtlinie\"]}]},{\"@type\":\"BreadcrumbList\",\"@id\":\"https:\\\/\\\/cryospain.com\\\/de\\\/cookie-richtlinie#breadcrumb\",\"itemListElement\":[{\"@type\":\"ListItem\",\"position\":1,\"name\":\"Portada\",\"item\":\"https:\\\/\\\/cryospain.com\\\/de\"},{\"@type\":\"ListItem\",\"position\":2,\"name\":\"Cookie-Richtlinie\"}]},{\"@type\":\"WebSite\",\"@id\":\"https:\\\/\\\/cryospain.com\\\/es\\\/#website\",\"url\":\"https:\\\/\\\/cryospain.com\\\/es\\\/\",\"name\":\"Cryospain\",\"description\":\"High-end Engineering at low temperatures\",\"publisher\":{\"@id\":\"https:\\\/\\\/cryospain.com\\\/es\\\/#organization\"},\"potentialAction\":[{\"@type\":\"SearchAction\",\"target\":{\"@type\":\"EntryPoint\",\"urlTemplate\":\"https:\\\/\\\/cryospain.com\\\/es\\\/?s={search_term_string}\"},\"query-input\":{\"@type\":\"PropertyValueSpecification\",\"valueRequired\":true,\"valueName\":\"search_term_string\"}}],\"inLanguage\":\"de\"},{\"@type\":\"Organization\",\"@id\":\"https:\\\/\\\/cryospain.com\\\/es\\\/#organization\",\"name\":\"Cryospain\",\"url\":\"https:\\\/\\\/cryospain.com\\\/es\\\/\",\"logo\":{\"@type\":\"ImageObject\",\"inLanguage\":\"de\",\"@id\":\"https:\\\/\\\/cryospain.com\\\/es\\\/#\\\/schema\\\/logo\\\/image\\\/\",\"url\":\"https:\\\/\\\/cryospain.com\\\/wp-content\\\/uploads\\\/2023\\\/07\\\/logo-cryospain-696-696-yoast.png\",\"contentUrl\":\"https:\\\/\\\/cryospain.com\\\/wp-content\\\/uploads\\\/2023\\\/07\\\/logo-cryospain-696-696-yoast.png\",\"width\":696,\"height\":696,\"caption\":\"Cryospain\"},\"image\":{\"@id\":\"https:\\\/\\\/cryospain.com\\\/es\\\/#\\\/schema\\\/logo\\\/image\\\/\"},\"sameAs\":[\"https:\\\/\\\/www.linkedin.com\\\/company\\\/cryospain\\\/\",\"https:\\\/\\\/www.youtube.com\\\/@cryospain\"]}]}<\/script>\n<!-- \/ Yoast SEO Premium plugin. -->","yoast_head_json":{"title":"Cryospain | High technology at low temperatures","description":"Allgemeine Gesch\u00e4ftsbedingungen f\u00fcr die Beziehung zwischen den Nutzern von cryospain.com und Cryospain SL","robots":{"index":"index","follow":"follow","max-snippet":"max-snippet:-1","max-image-preview":"max-image-preview:large","max-video-preview":"max-video-preview:-1"},"canonical":"https:\/\/cryospain.com\/de\/cookie-richtlinie","og_locale":"de_DE","og_type":"article","og_title":"Cookie-Richtlinie","og_description":"Allgemeine Gesch\u00e4ftsbedingungen f\u00fcr die Beziehung zwischen den Nutzern von cryospain.com und Cryospain SL","og_url":"https:\/\/cryospain.com\/de\/cookie-richtlinie","og_site_name":"Cryospain","article_modified_time":"2025-11-16T19:36:05+00:00","twitter_card":"summary_large_image","twitter_misc":{"Gesch\u00e4tzte Lesezeit":"7 Minute"},"schema":{"@context":"https:\/\/schema.org","@graph":[{"@type":"WebPage","@id":"https:\/\/cryospain.com\/de\/cookie-richtlinie","url":"https:\/\/cryospain.com\/de\/cookie-richtlinie","name":"Cryospain | High technology at low temperatures","isPartOf":{"@id":"https:\/\/cryospain.com\/es\/#website"},"datePublished":"2022-04-05T17:51:03+00:00","dateModified":"2025-11-16T19:36:05+00:00","description":"Allgemeine Gesch\u00e4ftsbedingungen f\u00fcr die Beziehung zwischen den Nutzern von cryospain.com und Cryospain SL","breadcrumb":{"@id":"https:\/\/cryospain.com\/de\/cookie-richtlinie#breadcrumb"},"inLanguage":"de","potentialAction":[{"@type":"ReadAction","target":["https:\/\/cryospain.com\/de\/cookie-richtlinie"]}]},{"@type":"BreadcrumbList","@id":"https:\/\/cryospain.com\/de\/cookie-richtlinie#breadcrumb","itemListElement":[{"@type":"ListItem","position":1,"name":"Portada","item":"https:\/\/cryospain.com\/de"},{"@type":"ListItem","position":2,"name":"Cookie-Richtlinie"}]},{"@type":"WebSite","@id":"https:\/\/cryospain.com\/es\/#website","url":"https:\/\/cryospain.com\/es\/","name":"Cryospain","description":"High-end Engineering at low temperatures","publisher":{"@id":"https:\/\/cryospain.com\/es\/#organization"},"potentialAction":[{"@type":"SearchAction","target":{"@type":"EntryPoint","urlTemplate":"https:\/\/cryospain.com\/es\/?s={search_term_string}"},"query-input":{"@type":"PropertyValueSpecification","valueRequired":true,"valueName":"search_term_string"}}],"inLanguage":"de"},{"@type":"Organization","@id":"https:\/\/cryospain.com\/es\/#organization","name":"Cryospain","url":"https:\/\/cryospain.com\/es\/","logo":{"@type":"ImageObject","inLanguage":"de","@id":"https:\/\/cryospain.com\/es\/#\/schema\/logo\/image\/","url":"https:\/\/cryospain.com\/wp-content\/uploads\/2023\/07\/logo-cryospain-696-696-yoast.png","contentUrl":"https:\/\/cryospain.com\/wp-content\/uploads\/2023\/07\/logo-cryospain-696-696-yoast.png","width":696,"height":696,"caption":"Cryospain"},"image":{"@id":"https:\/\/cryospain.com\/es\/#\/schema\/logo\/image\/"},"sameAs":["https:\/\/www.linkedin.com\/company\/cryospain\/","https:\/\/www.youtube.com\/@cryospain"]}]}},"_links":{"self":[{"href":"https:\/\/cryospain.com\/de\/wp-json\/wp\/v2\/pages\/23571","targetHints":{"allow":["GET"]}}],"collection":[{"href":"https:\/\/cryospain.com\/de\/wp-json\/wp\/v2\/pages"}],"about":[{"href":"https:\/\/cryospain.com\/de\/wp-json\/wp\/v2\/types\/page"}],"author":[{"embeddable":true,"href":"https:\/\/cryospain.com\/de\/wp-json\/wp\/v2\/users\/1"}],"replies":[{"embeddable":true,"href":"https:\/\/cryospain.com\/de\/wp-json\/wp\/v2\/comments?post=23571"}],"version-history":[{"count":3,"href":"https:\/\/cryospain.com\/de\/wp-json\/wp\/v2\/pages\/23571\/revisions"}],"predecessor-version":[{"id":36738,"href":"https:\/\/cryospain.com\/de\/wp-json\/wp\/v2\/pages\/23571\/revisions\/36738"}],"wp:attachment":[{"href":"https:\/\/cryospain.com\/de\/wp-json\/wp\/v2\/media?parent=23571"}],"curies":[{"name":"wp","href":"https:\/\/api.w.org\/{rel}","templated":true}]}}