{"id":20770,"date":"2022-01-30T21:06:55","date_gmt":"2022-01-30T19:06:55","guid":{"rendered":"https:\/\/cryospain.com\/aviso-legal"},"modified":"2022-03-31T17:00:45","modified_gmt":"2022-03-31T15:00:45","slug":"aviso-legal","status":"publish","type":"page","link":"https:\/\/cryospain.com\/es\/aviso-legal","title":{"rendered":"Aviso Legal"},"content":{"rendered":"\n<p> [et_pb_section admin_label=\u00bbsection\u00bb]<br\/>[et_pb_row admin_label=\u00bbrow\u00bb]<br\/>[et_pb_column type=\u00bb4_4&#8243;][et_pb_text admin_label=\u00bbText\u00bb] <\/p>\n<p>Este sitio Web (<a href=\"https:\/\/cryospain.com\/es\" target=\"_blank\" rel=\"noopener\">www.cryospain.com<\/a>) es un dominio en internet de titularidad de CRYOSPAIN, S.L. (en adelante \u201cCryospain\u201d), con Domicilio Social en Calle Urogallos 1-3, Pinto (Madrid) y CIF B83219998. La empresa consta inscrita en el Registro Mercantil de MadridTomo 17367, Folio 87, Secci\u00f3n 8\u00aa, Hoja M-297961.<\/p>\n\n<p>Para cualquier duda o consulta sobre este Aviso legal, puede contactarnos llamando al <strong>912959367 o enviando un correo electr\u00f3nico a la direcci\u00f3n<\/strong> <a href=\"mailto:protecciondatos@cryospain.com\" target=\"_blank\" rel=\"noopener\">protecciondatos@cryospain.com<\/a><\/p>\n\n<p>La utilizaci\u00f3n de sitio Web implica la aceptaci\u00f3n \u00edntegra, expresa y sin reservas por parte del Usuario de las condiciones de uso incluidas en este Aviso legal, as\u00ed como tambi\u00e9n nuestras pol\u00edticas sobre \u2018Protecci\u00f3n de Datos y Privacidad\u2019 y \u2018Pol\u00edtica de uso de Cookies\u2019.<\/p>\n\n<p>En el caso de que el Usuario no est\u00e9 de acuerdo con el contenido de este Aviso legal, deber\u00e1 abstenerse de utilizar este sitio Web y de operar por medio del mismo. Por todo ello, <strong>le rogamos lea detenidamente toda la informaci\u00f3n aqu\u00ed detallada.<\/strong><\/p>\n\n<p>Si en alg\u00fan momento ciertos servicios contenidos y\/o herramientas ofrecidos a trav\u00e9s de este sitio Web requirieran de la aplicaci\u00f3n condiciones particulares, estas se pondr\u00e1n a disposici\u00f3n del Usuario. Por otra parte, Cryospain advierte que, tanto los contenidos y servicios de este sitio Web como las propias condiciones de utilizaci\u00f3n, pueden ser modificados unilateralmente y sin notificaci\u00f3n previa.<\/p>\n\n<h2 class=\"wp-block-heading\" id=\"h-1-conditions-of-use\"><strong>1. Condiciones de uso<\/strong><\/h2>\n\n<p><\/p>\n\n<ul class=\"wp-block-list\" type=\"1\"><li>La utilizaci\u00f3n del sitio Web es gratuito sin necesidad de inscripci\u00f3n previa. No obstante, el servicio de solicitud de informaci\u00f3n y contacto requiere facilitar una serie de datos personales mediante la cumplimentaci\u00f3n de un formulario. El Usuario se compromete a que los datos facilitados ser\u00e1n veraces, exactos y completos. Adem\u00e1s se compromete a mantener actualizados los datos personales que pudieran ser proporcionados a Cryospain, siendo por tanto el Usuario el \u00fanico responsable de las falsedades o inexactitudes que pudiera realizar.<\/li><li>El suministro de datos personales a trav\u00e9s de nuestro sitio Web requiere una <strong>edad m\u00ednima de 14 a\u00f1os<\/strong>, o en su caso, disponer de capacidad jur\u00eddica suficiente para contratar.<\/li><li>El hecho de<strong> facilitar datos personales a trav\u00e9s del formulario<\/strong> destinado a tal efecto, conllevar\u00e1 una <strong>aceptaci\u00f3n expresa de la Pol\u00edtica de privacidad de Cryospain<\/strong>. Si no se acepta la Pol\u00edtica de Privacidad, no se podr\u00e1 dar tramitaci\u00f3n a su consulta a trav\u00e9s de formulario de contacto.<\/li><li>El sitio Web s\u00f3lo puede ser utilizado con prop\u00f3sitos legales, oblig\u00e1ndose el Usuario a hacer un uso l\u00edcito y honrado del mismo conforme a las presentes Condiciones de uso. El Usuario se compromete a no utilizar los servicios del sitio Web para la realizaci\u00f3n de actividades contrarias a las legislaci\u00f3n espa\u00f1ola, a la moral y al orden p\u00fablico, asumiendo el Usuario todas las responsabilidades de da\u00f1os y perjuicios frente a Cryospain o a terceros que pudieran derivarse por pr\u00e1cticas ilegales o no permitidas,entre otras y a titulo enunciativo y no limitativo:<ul><li><strong>Realizar sin previo consentimiento<\/strong> por parte del titular del dominio cualquier <strong>manipulaci\u00f3n o alteraci\u00f3n de este sitio Web<\/strong>, no asumiendo Cryospain ninguna responsabilidad que pudiera derivarse de dicha manipulaci\u00f3n o alteraci\u00f3n por terceros.<\/li><li><strong>Realizar cualquier acto que pueda da\u00f1ar<\/strong>, inutilizar, sobrecargar, o deteriorar el sitio Web y los servicios y\/o impedir el normal uso y utilizaci\u00f3n por parte del resto de Usuarios.<\/li><li><strong>Introducir y\/o utilizar programas de ordenador<\/strong>, datos, archivos defectuosos, virus, c\u00f3digo malicioso, equipos inform\u00e1ticos o de telecomunicaciones o cualquier otro, independientemente de su naturaleza que pueda causar da\u00f1os en el sitio Web, en cualquiera de los servicios, o en cualesquiera activos (f\u00edsicos o l\u00f3gicos) de los sistemas de informaci\u00f3n de Cryospain.<\/li><li><strong>Violar los derechos de terceros a la intimidad<\/strong>, la propia imagen, la protecci\u00f3n de datos al secreto en las comunicaciones, a la propiedad intelectual e industrial.<\/li><li>Ocultar y <strong>falsear el origen de mensajes de correo electr\u00f3nico<\/strong>.<\/li><li><strong>Utilizar identidades falsas, suplantar la identidad de otros en la utilizaci\u00f3n del sitio Web<\/strong> o en la utilizaci\u00f3n de cualquiera de los servicios.<\/li><li><strong>Reproducir, distribuir, modificar o copiar el contenido de esta p\u00e1gina<\/strong>, salvo que de disponga de la autorizaci\u00f3n de Cryospain o est\u00e9 legalmente autorizado.<\/li><\/ul><\/li><\/ul>\n<p>Cryospain se reserva el derecho de ejercitar las acciones legales que considere oportunas contra aquellos que vulneren las presentes Condiciones de uso, aceptando el Usuario que la no iniciaci\u00f3n de estas acciones no implica una renuncia formal a los mismas, permaneciendo \u00e9stas vigentes hasta los plazos legales de prescripci\u00f3n de las infracciones.<\/p>\n\n<h2 id=\"h-2-liability\"><strong>2. Responsabilidades<\/strong><\/h2>\r\n\n<p>Cryospain no responde de los Enlaces (Links) a otras p\u00e1ginas de Internet de terceros y su existencia no implica que Cryospain apruebe o acepte sus contenidos y servicios. Estas otras p\u00e1ginas web no est\u00e1n controladas por Cryospain ni cubiertas por el presento Aviso Legal ni por nuestra Pol\u00edtica de Privacidad. Si accede a otras p\u00e1ginas web utilizando los Links proporcionados, los operadores de dichos sitios web podr\u00e1n recoger su informaci\u00f3n personal. Aseg\u00farese de que est\u00e1 conforme con las Pol\u00edticas de Privacidad de estas terceras p\u00e1ginas web antes de facilitar ning\u00fan tipo de informaci\u00f3n personal.<\/p>\n\n<p><strong>Cryospain queda exonerado de cualquier responsabilidad por los da\u00f1os y perjuicios de cualquier naturaleza e \u00edndole que pudieran derivarse del uso del sitio Web<\/strong>, as\u00ed como de los da\u00f1os y perjuicios derivados\u00a0de la infracci\u00f3n de los derechos de propiedad Intelectual e Industrial por parte de los Usuarios y\/o la falta de veracidad, exactitud,\u00a0y actualidad de los contenidos.<\/p>\n\n<p>Cryospain <strong>no garantiza la disponibilidad del servicio de manera continuada e ininterrumpida,<\/strong> por circunstancias originadas por problemas en la red de Internet, aver\u00edas en los dispositivos inform\u00e1ticos o cualquier otra causa imprevisible, por lo que el Usuario acepta estos posibles incidentes, renunciando expresamente a reclamar a Cryospain cualquier tipo de responsabilidad por posibles fallos, errores, interrupci\u00f3n del servicio, inadecuado funcionamiento o imposibilidad de acceso al servicio.<\/p>\n\n<p>Cryospain no ser\u00e1 responsable por los da\u00f1os y perjuicios causados por la presencia de virus o cualquier otro software lesivo que pueda producir alteraciones en el sistema inform\u00e1tico del Usuario.<\/p>\n\n<h2 class=\"wp-block-heading\" id=\"h-3-intellectual-property\"><strong>3. Propiedad Intelectual<\/strong><\/h2>\n\n<p>El sitio web, incluyendo a t\u00edtulo enunciativo pero no limitativo, su programaci\u00f3n, dise\u00f1os, logotipos, texto y gr\u00e1ficos, son propiedad de Cryospain o en su caso dispone de licencia o autorizaci\u00f3n expresa por parte de los autores.<\/p>\n\n<p><strong>CRYOSPAIN es una marca registrada<\/strong>, y est\u00e1 prohibida su reproducci\u00f3n, imitaci\u00f3n, utilizaci\u00f3n o inserci\u00f3n de esta marca sin la debida autorizaci\u00f3n.<\/p>\n\n<p>Independientemente de la finalidad para la que fueran destinados, la reproducci\u00f3n total o parcial, uso, explotaci\u00f3n, distribuci\u00f3n y comercializaci\u00f3n, requiere en todo caso de la autorizaci\u00f3n escrita previa por parte de Cryospain.<\/p>\n\n<p>El Usuario \u00fanicamente tiene derecho a un uso privado de los mismos, sin \u00e1nimo de lucro, y necesita autorizaci\u00f3n expresa para modificarlos, reproducirlos, explotarlos, distribuirlos o ejercer cualquier derecho perteneciente a Cryospain.<\/p>\n\n<p>Cryospain autoriza  expresamente a que terceros puedan redirigir directamente a los contenidos concretos del sitio Web, debiendo en todo caso redirigir al sitio Web principal del prestador.&#13;\n<\/p>\n\n<p>Cryospain no garantiza la exactitud, veracidad y vigencia del contenido de este sitio Web, ya sean propios, de terceros, o enlazables a otras webs, quedando totalmente exonerada de cualquier responsabilidad derivada del uso de los mismos.<\/p>\n\n<p>Est\u00e1 absolutamente prohibida el plagio, ya sea total o parcial, de nuestro sitio Web.<\/p>\n\n<p>El Usuario reconoce haber le\u00eddo y entendido toda la informaci\u00f3n contenida en este Aviso legal sobre las Condiciones de uso del sitio Web de Cryospain, acept\u00e1ndolas integra y expresamente.<\/p>\n\n<p>El Usuario es plenamente consciente de que la mera navegaci\u00f3n por esta p\u00e1gina web, as\u00ed como la utilizaci\u00f3n de sus servicios, implica en todo caso la aceptaci\u00f3n de las presentes Condiciones de uso.<\/p>\n\n<h2 class=\"wp-block-heading\" id=\"h-4-data-protection-and-use-of-cookies\"><strong>4. Protecci\u00f3n de datos y uso de cookies<\/strong><\/h2>\n\n<p>Puede consultar nuestra <strong>pol\u00edtica sobre protecci\u00f3n de datos<\/strong> de car\u00e1cter personal y <strong>uso de cookies<\/strong> en los siguientes enlaces:<\/p>\n\n<p>\u2022\u00a0<a href=\"https:\/\/cryospain.com\/es\/politica-cookies\" target=\"_blank\" rel=\"noreferrer noopener\">Pol\u00edtica de Cookies<\/a><\/p>\n\n<p><a href=\"https:\/\/cryospain.com\/es\/politica_privacidad\" target=\"_blank\" rel=\"noreferrer noopener\">\u2022 Pol\u00edtica de privacidad<\/a><\/p>\n\n<h2 class=\"wp-block-heading\" id=\"h-5-applicable-legislation\"><strong>5. Legislaci\u00f3n aplicable<\/strong><\/h2>\n\n<p>Las presentes Condiciones de uso se regir\u00e1n en todo momento por lo dispuesto en la <strong>legislaci\u00f3n espa\u00f1ola,<\/strong> quedando sometida a ella, tanto nacionales como extranjeros que utilicen este sitio Web.&#13;\nEn el caso de que se produzca cualquier tipo de discrepancia o diferencia entre las partes en relaci\u00f3n con la interpretaci\u00f3n y contenido del presente sitio Web, todas las partes se someten, con renuncia expresa a cualquier otro fuero, a los Juzgados y Tribunales de Pinto.&#13;\nEn caso de conflicto, el texto en espa\u00f1ol prevalecer\u00e1 sobre cualquier traducci\u00f3n del mismo que pueda publicarse en este sitio Web.<\/p>\n\n<p>[\/et_pb_text][\/et_pb_column] [\/et_pb_row] [\/et_pb_section]<\/p>\n\n<p><\/p>\n<span class=\"et_bloom_bottom_trigger\"><\/span>","protected":false},"excerpt":{"rendered":"<p>Este sitio Web (www.cryospain.com) es un dominio en internet de titularidad de CRYOSPAIN, S.L. (en adelante \u201cCryospain\u201d), con Domicilio Social en Calle Urogallos 1-3, Pinto (Madrid) y CIF B83219998. La empresa consta inscrita en el Registro Mercantil de MadridTomo 17367, Folio 87, Secci\u00f3n 8\u00aa, Hoja M-297961. Para cualquier duda o consulta sobre este Aviso legal, [&hellip;]<\/p>\n","protected":false},"author":1,"featured_media":0,"parent":0,"menu_order":0,"comment_status":"closed","ping_status":"closed","template":"","meta":{"_et_pb_use_builder":"on","_et_pb_old_content":"","_et_gb_content_width":"","footnotes":""},"class_list":["post-20770","page","type-page","status-publish","hentry"],"yoast_head":"<!-- This site is optimized with the Yoast SEO Premium plugin v27.4 (Yoast SEO v27.4) - https:\/\/yoast.com\/product\/yoast-seo-premium-wordpress\/ -->\n<title>Cryospain | High technology at low temperatures<\/title>\n<meta name=\"description\" content=\"T\u00e9rminos y condiciones que regulan las relaciones entre los usuarios de cryospain.com y Cryospain SL\" \/>\n<meta name=\"robots\" content=\"index, follow, max-snippet:-1, max-image-preview:large, max-video-preview:-1\" \/>\n<link rel=\"canonical\" href=\"https:\/\/cryospain.com\/es\/aviso-legal\" \/>\n<meta property=\"og:locale\" content=\"es_ES\" \/>\n<meta property=\"og:type\" content=\"article\" \/>\n<meta property=\"og:title\" content=\"Aviso Legal\" \/>\n<meta property=\"og:description\" content=\"T\u00e9rminos y condiciones que regulan las relaciones entre los usuarios de cryospain.com y Cryospain SL\" \/>\n<meta property=\"og:url\" content=\"https:\/\/cryospain.com\/es\/aviso-legal\" \/>\n<meta property=\"og:site_name\" content=\"Cryospain\" \/>\n<meta property=\"article:modified_time\" content=\"2022-03-31T15:00:45+00:00\" \/>\n<meta name=\"twitter:card\" content=\"summary_large_image\" \/>\n<meta name=\"twitter:label1\" content=\"Tiempo de lectura\" \/>\n\t<meta name=\"twitter:data1\" content=\"8 minuto\" \/>\n<script type=\"application\/ld+json\" class=\"yoast-schema-graph\">{\"@context\":\"https:\\\/\\\/schema.org\",\"@graph\":[{\"@type\":\"WebPage\",\"@id\":\"https:\\\/\\\/cryospain.com\\\/es\\\/aviso-legal\",\"url\":\"https:\\\/\\\/cryospain.com\\\/es\\\/aviso-legal\",\"name\":\"Cryospain | High technology at low temperatures\",\"isPartOf\":{\"@id\":\"https:\\\/\\\/cryospain.com\\\/es\\\/#website\"},\"datePublished\":\"2022-01-30T19:06:55+00:00\",\"dateModified\":\"2022-03-31T15:00:45+00:00\",\"description\":\"T\u00e9rminos y condiciones que regulan las relaciones entre los usuarios de cryospain.com y Cryospain SL\",\"breadcrumb\":{\"@id\":\"https:\\\/\\\/cryospain.com\\\/es\\\/aviso-legal#breadcrumb\"},\"inLanguage\":\"es\",\"potentialAction\":[{\"@type\":\"ReadAction\",\"target\":[\"https:\\\/\\\/cryospain.com\\\/es\\\/aviso-legal\"]}]},{\"@type\":\"BreadcrumbList\",\"@id\":\"https:\\\/\\\/cryospain.com\\\/es\\\/aviso-legal#breadcrumb\",\"itemListElement\":[{\"@type\":\"ListItem\",\"position\":1,\"name\":\"Portada\",\"item\":\"https:\\\/\\\/cryospain.com\\\/es\"},{\"@type\":\"ListItem\",\"position\":2,\"name\":\"Aviso Legal\"}]},{\"@type\":\"WebSite\",\"@id\":\"https:\\\/\\\/cryospain.com\\\/es\\\/#website\",\"url\":\"https:\\\/\\\/cryospain.com\\\/es\\\/\",\"name\":\"Cryospain\",\"description\":\"High-end Engineering at low temperatures\",\"publisher\":{\"@id\":\"https:\\\/\\\/cryospain.com\\\/es\\\/#organization\"},\"potentialAction\":[{\"@type\":\"SearchAction\",\"target\":{\"@type\":\"EntryPoint\",\"urlTemplate\":\"https:\\\/\\\/cryospain.com\\\/es\\\/?s={search_term_string}\"},\"query-input\":{\"@type\":\"PropertyValueSpecification\",\"valueRequired\":true,\"valueName\":\"search_term_string\"}}],\"inLanguage\":\"es\"},{\"@type\":\"Organization\",\"@id\":\"https:\\\/\\\/cryospain.com\\\/es\\\/#organization\",\"name\":\"Cryospain\",\"url\":\"https:\\\/\\\/cryospain.com\\\/es\\\/\",\"logo\":{\"@type\":\"ImageObject\",\"inLanguage\":\"es\",\"@id\":\"https:\\\/\\\/cryospain.com\\\/es\\\/#\\\/schema\\\/logo\\\/image\\\/\",\"url\":\"https:\\\/\\\/cryospain.com\\\/wp-content\\\/uploads\\\/2023\\\/07\\\/logo-cryospain-696-696-yoast.png\",\"contentUrl\":\"https:\\\/\\\/cryospain.com\\\/wp-content\\\/uploads\\\/2023\\\/07\\\/logo-cryospain-696-696-yoast.png\",\"width\":696,\"height\":696,\"caption\":\"Cryospain\"},\"image\":{\"@id\":\"https:\\\/\\\/cryospain.com\\\/es\\\/#\\\/schema\\\/logo\\\/image\\\/\"},\"sameAs\":[\"https:\\\/\\\/www.linkedin.com\\\/company\\\/cryospain\\\/\",\"https:\\\/\\\/www.youtube.com\\\/@cryospain\"]}]}<\/script>\n<!-- \/ Yoast SEO Premium plugin. -->","yoast_head_json":{"title":"Cryospain | High technology at low temperatures","description":"T\u00e9rminos y condiciones que regulan las relaciones entre los usuarios de cryospain.com y Cryospain SL","robots":{"index":"index","follow":"follow","max-snippet":"max-snippet:-1","max-image-preview":"max-image-preview:large","max-video-preview":"max-video-preview:-1"},"canonical":"https:\/\/cryospain.com\/es\/aviso-legal","og_locale":"es_ES","og_type":"article","og_title":"Aviso Legal","og_description":"T\u00e9rminos y condiciones que regulan las relaciones entre los usuarios de cryospain.com y Cryospain SL","og_url":"https:\/\/cryospain.com\/es\/aviso-legal","og_site_name":"Cryospain","article_modified_time":"2022-03-31T15:00:45+00:00","twitter_card":"summary_large_image","twitter_misc":{"Tiempo de lectura":"8 minuto"},"schema":{"@context":"https:\/\/schema.org","@graph":[{"@type":"WebPage","@id":"https:\/\/cryospain.com\/es\/aviso-legal","url":"https:\/\/cryospain.com\/es\/aviso-legal","name":"Cryospain | High technology at low temperatures","isPartOf":{"@id":"https:\/\/cryospain.com\/es\/#website"},"datePublished":"2022-01-30T19:06:55+00:00","dateModified":"2022-03-31T15:00:45+00:00","description":"T\u00e9rminos y condiciones que regulan las relaciones entre los usuarios de cryospain.com y Cryospain SL","breadcrumb":{"@id":"https:\/\/cryospain.com\/es\/aviso-legal#breadcrumb"},"inLanguage":"es","potentialAction":[{"@type":"ReadAction","target":["https:\/\/cryospain.com\/es\/aviso-legal"]}]},{"@type":"BreadcrumbList","@id":"https:\/\/cryospain.com\/es\/aviso-legal#breadcrumb","itemListElement":[{"@type":"ListItem","position":1,"name":"Portada","item":"https:\/\/cryospain.com\/es"},{"@type":"ListItem","position":2,"name":"Aviso Legal"}]},{"@type":"WebSite","@id":"https:\/\/cryospain.com\/es\/#website","url":"https:\/\/cryospain.com\/es\/","name":"Cryospain","description":"High-end Engineering at low temperatures","publisher":{"@id":"https:\/\/cryospain.com\/es\/#organization"},"potentialAction":[{"@type":"SearchAction","target":{"@type":"EntryPoint","urlTemplate":"https:\/\/cryospain.com\/es\/?s={search_term_string}"},"query-input":{"@type":"PropertyValueSpecification","valueRequired":true,"valueName":"search_term_string"}}],"inLanguage":"es"},{"@type":"Organization","@id":"https:\/\/cryospain.com\/es\/#organization","name":"Cryospain","url":"https:\/\/cryospain.com\/es\/","logo":{"@type":"ImageObject","inLanguage":"es","@id":"https:\/\/cryospain.com\/es\/#\/schema\/logo\/image\/","url":"https:\/\/cryospain.com\/wp-content\/uploads\/2023\/07\/logo-cryospain-696-696-yoast.png","contentUrl":"https:\/\/cryospain.com\/wp-content\/uploads\/2023\/07\/logo-cryospain-696-696-yoast.png","width":696,"height":696,"caption":"Cryospain"},"image":{"@id":"https:\/\/cryospain.com\/es\/#\/schema\/logo\/image\/"},"sameAs":["https:\/\/www.linkedin.com\/company\/cryospain\/","https:\/\/www.youtube.com\/@cryospain"]}]}},"_links":{"self":[{"href":"https:\/\/cryospain.com\/es\/wp-json\/wp\/v2\/pages\/20770","targetHints":{"allow":["GET"]}}],"collection":[{"href":"https:\/\/cryospain.com\/es\/wp-json\/wp\/v2\/pages"}],"about":[{"href":"https:\/\/cryospain.com\/es\/wp-json\/wp\/v2\/types\/page"}],"author":[{"embeddable":true,"href":"https:\/\/cryospain.com\/es\/wp-json\/wp\/v2\/users\/1"}],"replies":[{"embeddable":true,"href":"https:\/\/cryospain.com\/es\/wp-json\/wp\/v2\/comments?post=20770"}],"version-history":[{"count":3,"href":"https:\/\/cryospain.com\/es\/wp-json\/wp\/v2\/pages\/20770\/revisions"}],"predecessor-version":[{"id":20773,"href":"https:\/\/cryospain.com\/es\/wp-json\/wp\/v2\/pages\/20770\/revisions\/20773"}],"wp:attachment":[{"href":"https:\/\/cryospain.com\/es\/wp-json\/wp\/v2\/media?parent=20770"}],"curies":[{"name":"wp","href":"https:\/\/api.w.org\/{rel}","templated":true}]}}